{"id":246191,"date":"2025-06-03T15:25:29","date_gmt":"2025-06-03T13:25:29","guid":{"rendered":"https:\/\/www.caballerosdeyuste.es\/web\/einkommen\/"},"modified":"2025-11-25T14:34:50","modified_gmt":"2025-11-25T13:34:50","slug":"einkommen","status":"publish","type":"page","link":"https:\/\/www.caballerosdeyuste.es\/web\/einkommen\/?lang=de","title":{"rendered":"Einkommen"},"content":{"rendered":"<p>[et_pb_section fb_built=&#8221;1&#8243; _builder_version=&#8221;4.27.4&#8243; _module_preset=&#8221;default&#8221; background_color=&#8221;gcid-9497e03e-5562-44f9-9c68-09639ac67986&#8243; custom_margin=&#8221;||||false|false&#8221; custom_padding=&#8221;0px|0px|0px||true|false&#8221; global_colors_info=&#8221;{%22gcid-9497e03e-5562-44f9-9c68-09639ac67986%22:%91%22background_color%22%93}&#8221;][et_pb_row _builder_version=&#8221;4.27.4&#8243; _module_preset=&#8221;default&#8221; width=&#8221;85%&#8221; max_width=&#8221;2560px&#8221; border_width_bottom=&#8221;1px&#8221; border_color_bottom=&#8221;gcid-c515c2e5-3fd0-4426-90da-e434a88a980d&#8221; global_colors_info=&#8221;{%22gcid-c515c2e5-3fd0-4426-90da-e434a88a980d%22:%91%22border_color_bottom%22%93}&#8221;][et_pb_column type=&#8221;4_4&#8243; _builder_version=&#8221;4.27.4&#8243; _module_preset=&#8221;default&#8221; custom_css_main_element=&#8221;min-width:100%;&#8221; global_colors_info=&#8221;{}&#8221;][lwp_divi_breadcrumbs home_text=&#8221;Inicio&#8221; font_icon=&#8221;&#x35;||divi||400&#8243; use_custom_home_link=&#8221;off&#8221; link_color=&#8221;gcid-28bbb8f9-a63e-499e-a488-16928c756183&#8243; separator_color=&#8221;gcid-28bbb8f9-a63e-499e-a488-16928c756183&#8243; current_text_color=&#8221;gcid-d1114666-ef16-4db4-a358-613511ea78ee&#8221; _builder_version=&#8221;4.27.4&#8243; _module_preset=&#8221;default&#8221; module_font=&#8221;&#8211;et_global_body_font|700|||||||&#8221; module_text_color=&#8221;gcid-c2933ceb-9641-4d37-bb1b-61eb067d45cb&#8221; custom_margin=&#8221;||-37px||false|false&#8221; custom_padding=&#8221;||0px||false|false&#8221; global_colors_info=&#8221;{%22gcid-c2933ceb-9641-4d37-bb1b-61eb067d45cb%22:%91%22module_text_color%22%93,%22gcid-28bbb8f9-a63e-499e-a488-16928c756183%22:%91%22link_color%22,%22separator_color%22%93,%22gcid-d1114666-ef16-4db4-a358-613511ea78ee%22:%91%22current_text_color%22%93}&#8221;][\/lwp_divi_breadcrumbs][et_pb_heading title=&#8221;Ritten und Damen von Yuste&#8221; _builder_version=&#8221;4.27.4&#8243; _module_preset=&#8221;default&#8221; title_font=&#8221;Ibarra Real Nova|||on|||||&#8221; title_text_align=&#8221;left&#8221; title_text_color=&#8221;gcid-d1114666-ef16-4db4-a358-613511ea78ee&#8221; title_font_size=&#8221;3em&#8221; background_enable_color=&#8221;off&#8221; custom_margin=&#8221;-20px||||false|false&#8221; custom_padding=&#8221;0px||||false|false&#8221; animation_style=&#8221;fade&#8221; global_colors_info=&#8221;{%22gcid-d1114666-ef16-4db4-a358-613511ea78ee%22:%91%22title_text_color%22%93}&#8221;][\/et_pb_heading][\/et_pb_column][\/et_pb_row][\/et_pb_section][et_pb_section fb_built=&#8221;1&#8243; _builder_version=&#8221;4.16&#8243; global_colors_info=&#8221;{}&#8221;][et_pb_row _builder_version=&#8221;4.16&#8243; background_size=&#8221;initial&#8221; background_position=&#8221;top_left&#8221; background_repeat=&#8221;repeat&#8221; global_colors_info=&#8221;{}&#8221;][et_pb_column type=&#8221;4_4&#8243; _builder_version=&#8221;4.16&#8243; custom_padding=&#8221;|||&#8221; global_colors_info=&#8221;{}&#8221; custom_padding__hover=&#8221;|||&#8221;][et_pb_text _builder_version=&#8221;4.27.4&#8243; text_font=&#8221;Ibarra Real Nova|600|||||||&#8221; text_text_color=&#8221;gcid-d1114666-ef16-4db4-a358-613511ea78ee&#8221; text_font_size=&#8221;2.5em&#8221; text_font_size_tablet=&#8221;2.5em&#8221; text_font_size_phone=&#8221;1.9em&#8221; text_font_size_last_edited=&#8221;on|phone&#8221; global_colors_info=&#8221;{%22gcid-d1114666-ef16-4db4-a358-613511ea78ee%22:%91%22text_text_color%22%93}&#8221;]<\/p>\n<p>Wie kann man Mitglied der K\u00f6niglichen Vereinigung werden?<\/p>\n<p>[\/et_pb_text][et_pb_text _builder_version=&#8221;4.27.4&#8243; text_font=&#8221;Ibarra Real Nova||||||||&#8221; text_font_size=&#8221;16px&#8221; background_size=&#8221;initial&#8221; background_position=&#8221;top_left&#8221; background_repeat=&#8221;repeat&#8221; global_colors_info=&#8221;{}&#8221;]<\/p>\n<p style=\"text-align: justify;\"><span data-contrast=\"none\" xml:lang=\"ES-ES\" lang=\"ES-ES\" class=\"TextRun SCXW179332779 BCX8\">Um Mitglied der K\u00f6niglichen Vereinigung der Ritter und Damen des Klosters von Yuste zu werden, m\u00fcssen Sie einen Antrag auf Mitgliedschaft an das Generalsekretariat richten und darin Ihre pers\u00f6nlichen Daten, die Unterschriften der beiden Paten, die Sie vorstellen, die Kontonummer, von der die j\u00e4hrliche Geb\u00fchr abgebucht werden soll, sowie einen Lebenslauf und ein aktuelles Foto angeben.<\/span><span class=\"EOP SCXW179332779 BCX8\" data-ccp-props=\"{\"134233117\":true,\"134233118\":true,\"201341983\":0,\"335559740\":240,\"335572071\":4,\"335572072\":1,\"335572073\":4278190080,\"335572075\":4,\"335572076\":4,\"335572077\":4278190080,\"335572079\":4,\"335572080\":1,\"335572081\":4278190080,\"335572083\":4,\"335572084\":4,\"335572085\":4278190080,\"469789798\":\"single\",\"469789802\":\"single\",\"469789806\":\"single\",\"469789810\":\"single\"}\"> <\/span><\/p>\n<p>[\/et_pb_text][\/et_pb_column][\/et_pb_row][et_pb_row disabled_on=&#8221;on|on|on&#8221; _builder_version=&#8221;4.16&#8243; background_size=&#8221;initial&#8221; background_position=&#8221;top_left&#8221; background_repeat=&#8221;repeat&#8221; disabled=&#8221;on&#8221; global_colors_info=&#8221;{}&#8221;][et_pb_column type=&#8221;4_4&#8243; _builder_version=&#8221;4.16&#8243; custom_padding=&#8221;|||&#8221; global_colors_info=&#8221;{}&#8221; custom_padding__hover=&#8221;|||&#8221;][et_pb_text disabled_on=&#8221;off|off|off&#8221; _builder_version=&#8221;4.27.4&#8243; _module_preset=&#8221;default&#8221; text_font=&#8221;Ibarra Real Nova|600|||||||&#8221; text_text_color=&#8221;gcid-d1114666-ef16-4db4-a358-613511ea78ee&#8221; text_font_size=&#8221;2.5em&#8221; text_font_size_tablet=&#8221;2.5em&#8221; text_font_size_phone=&#8221;1.9em&#8221; text_font_size_last_edited=&#8221;on|phone&#8221; global_colors_info=&#8221;{%22gcid-d1114666-ef16-4db4-a358-613511ea78ee%22:%91%22text_text_color%22%93}&#8221;]<\/p>\n<p>Anforderungen<\/p>\n<p>[\/et_pb_text][et_pb_text _builder_version=&#8221;4.27.4&#8243; text_font=&#8221;Ibarra Real Nova||||||||&#8221; background_size=&#8221;initial&#8221; background_position=&#8221;top_left&#8221; background_repeat=&#8221;repeat&#8221; custom_padding=&#8221;||1px|||&#8221; global_colors_info=&#8221;{}&#8221;]<\/p>\n<p><i class=\"fas fa-check\"><\/i> Personenbezogene Daten<\/p>\n<p><i class=\"fas fa-check\"><\/i> Die Unterschrift der beiden Paten, die ihn vorstellen<\/p>\n<p><i class=\"fas fa-check\"><\/i> Kontonummer, von der die j\u00e4hrliche Geb\u00fchr abgebucht wird<\/p>\n<p><i class=\"fas fa-check\"><\/i> Dem Antrag sind ein Lebenslauf und zwei Passfotos beizuf\u00fcgen.<\/p>\n<p>[\/et_pb_text][\/et_pb_column][\/et_pb_row][\/et_pb_section][et_pb_section fb_built=&#8221;1&#8243; _builder_version=&#8221;4.16&#8243; background_color=&#8221;#f7f7f7&#8243; background_color_gradient_direction=&#8221;330deg&#8221; global_colors_info=&#8221;{}&#8221;][et_pb_row disabled_on=&#8221;on|on|on&#8221; _builder_version=&#8221;4.27.4&#8243; _module_preset=&#8221;default&#8221; disabled=&#8221;on&#8221; global_colors_info=&#8221;{}&#8221;][et_pb_column type=&#8221;4_4&#8243; _builder_version=&#8221;4.27.4&#8243; _module_preset=&#8221;default&#8221; global_colors_info=&#8221;{}&#8221;][et_pb_text _builder_version=&#8221;4.27.4&#8243; _module_preset=&#8221;default&#8221; text_font=&#8221;Ibarra Real Nova|800||on|||||&#8221; text_text_color=&#8221;gcid-d1114666-ef16-4db4-a358-613511ea78ee&#8221; text_font_size=&#8221;3em&#8221; text_orientation=&#8221;center&#8221; text_font_size_tablet=&#8221;3em&#8221; text_font_size_phone=&#8221;2em&#8221; text_font_size_last_edited=&#8221;on|phone&#8221; global_colors_info=&#8221;{%22gcid-d1114666-ef16-4db4-a358-613511ea78ee%22:%91%22text_text_color%22%93}&#8221;]<\/p>\n<p>Anmeldeformular<\/p>\n<p>[\/et_pb_text][et_pb_divider color=&#8221;#000000&#8243; divider_weight=&#8221;4px&#8221; _builder_version=&#8221;4.27.4&#8243; _module_preset=&#8221;default&#8221; width=&#8221;10%&#8221; module_alignment=&#8221;center&#8221; global_colors_info=&#8221;{}&#8221;][\/et_pb_divider][\/et_pb_column][\/et_pb_row][et_pb_row column_structure=&#8221;1_2,1_2&#8243; use_custom_gutter=&#8221;on&#8221; gutter_width=&#8221;2&#8243; make_equal=&#8221;on&#8221; _builder_version=&#8221;4.27.4&#8243; background_size=&#8221;initial&#8221; background_position=&#8221;top_left&#8221; background_repeat=&#8221;repeat&#8221; width=&#8221;90%&#8221; max_width=&#8221;2560px&#8221; global_colors_info=&#8221;{}&#8221;][et_pb_column type=&#8221;1_2&#8243; _builder_version=&#8221;4.27.4&#8243; background_color=&#8221;#f0f0f0&#8243; custom_padding=&#8221;10%|10%|10%|10%|true|true&#8221; border_radii=&#8221;on|5px|5px|5px|5px&#8221; box_shadow_style=&#8221;preset4&#8243; box_shadow_horizontal=&#8221;0px&#8221; box_shadow_vertical=&#8221;5px&#8221; box_shadow_color=&#8221;#d4d4d4&#8243; global_colors_info=&#8221;{}&#8221; custom_padding__hover=&#8221;|||&#8221;][et_pb_text _builder_version=&#8221;4.27.4&#8243; text_font=&#8221;Ibarra Real Nova||||||||&#8221; header_font=&#8221;Ibarra Real Nova|600|||||||&#8221; header_text_color=&#8221;gcid-d1114666-ef16-4db4-a358-613511ea78ee&#8221; background_size=&#8221;initial&#8221; background_position=&#8221;top_left&#8221; background_repeat=&#8221;repeat&#8221; global_colors_info=&#8221;{%22gcid-d1114666-ef16-4db4-a358-613511ea78ee%22:%91%22header_text_color%22%93}&#8221;]<\/p>\n<h1>Anmeldung vor Ort<\/h1>\n<p>[\/et_pb_text][et_pb_text _builder_version=&#8221;4.27.4&#8243; _module_preset=&#8221;default&#8221; text_font=&#8221;Ibarra Real Nova||||||||&#8221; global_colors_info=&#8221;{}&#8221;]<\/p>\n<p>Die Anmeldeformulare k\u00f6nnen bei der Verwaltungsstelle unter der Adresse Avda. de la Constituci\u00f3n Nr. 61, 10430 \u2013 Cuacos de Yuste (C\u00e1ceres) angefordert werden.<\/p>\n<p><strong>Telefon:<\/strong> 927172311.<\/p>\n<p>[\/et_pb_text][\/et_pb_column][et_pb_column type=&#8221;1_2&#8243; _builder_version=&#8221;4.16&#8243; background_color=&#8221;#f0f0f0&#8243; custom_padding=&#8221;10%|10%|10%|10%|true|true&#8221; border_radii=&#8221;on|5px|5px|5px|5px&#8221; box_shadow_style=&#8221;preset4&#8243; box_shadow_horizontal=&#8221;0px&#8221; box_shadow_vertical=&#8221;5px&#8221; box_shadow_color=&#8221;#d4d4d4&#8243; global_colors_info=&#8221;{}&#8221; custom_padding__hover=&#8221;|||&#8221;][et_pb_text _builder_version=&#8221;4.27.4&#8243; text_font=&#8221;Ibarra Real Nova||||||||&#8221; header_font=&#8221;Ibarra Real Nova|600|||||||&#8221; header_text_color=&#8221;gcid-d1114666-ef16-4db4-a358-613511ea78ee&#8221; background_size=&#8221;initial&#8221; background_position=&#8221;top_left&#8221; background_repeat=&#8221;repeat&#8221; global_colors_info=&#8221;{%22gcid-d1114666-ef16-4db4-a358-613511ea78ee%22:%91%22header_text_color%22%93}&#8221;]<\/p>\n<h1>Anmeldung per E-Mail<\/h1>\n<p>[\/et_pb_text][et_pb_text _builder_version=&#8221;4.27.4&#8243; _module_preset=&#8221;default&#8221; text_font=&#8221;Ibarra Real Nova||||||||&#8221; link_font=&#8221;|700|||||||&#8221; link_text_color=&#8221;#000000&#8243; global_colors_info=&#8221;{}&#8221;]<\/p>\n<p>F\u00fcllen Sie dieses PDF-Formular aus und senden Sie es an <a href=\"mailto:secretaria@caballerosdeyuste.es\"><span class=\"ff1 cf0 fs24\">secretaria@caballerosdeyuste.es<\/span><\/a><\/p>\n<p>[\/et_pb_text][et_pb_button button_url=&#8221;https:\/\/www.caballerosdeyuste.es\/web\/wp-content\/uploads\/2025\/06\/Solicitud-de-Ingreso.pdf&#8221; url_new_window=&#8221;on&#8221; button_text=&#8221;PDF-Formular&#8221; module_class=&#8221;push&#8221; _builder_version=&#8221;4.27.4&#8243; _module_preset=&#8221;default&#8221; custom_button=&#8221;on&#8221; button_text_color=&#8221;#FFFFFF&#8221; button_bg_color=&#8221;gcid-ef82ae79-d7bc-4b3e-b06d-280292b674c4&#8243; button_border_width=&#8221;0px&#8221; button_font=&#8221;Ibarra Real Nova||||||||&#8221; button_use_icon=&#8221;off&#8221; global_colors_info=&#8221;{%22gcid-ef82ae79-d7bc-4b3e-b06d-280292b674c4%22:%91%22button_bg_color%22%93}&#8221; transform_styles__hover_enabled=&#8221;on|hover&#8221; transform_scale__hover_enabled=&#8221;on|hover&#8221; transform_translate__hover_enabled=&#8221;on|desktop&#8221; transform_rotate__hover_enabled=&#8221;on|desktop&#8221; transform_skew__hover_enabled=&#8221;on|desktop&#8221; transform_origin__hover_enabled=&#8221;on|desktop&#8221; transform_scale__hover=&#8221;97%|97%&#8221;][\/et_pb_button][\/et_pb_column][\/et_pb_row][\/et_pb_section][et_pb_section fb_built=&#8221;1&#8243; disabled_on=&#8221;on|on|on&#8221; _builder_version=&#8221;4.27.4&#8243; _module_preset=&#8221;default&#8221; disabled=&#8221;on&#8221; global_colors_info=&#8221;{}&#8221;][et_pb_row column_structure=&#8221;2_3,1_3&#8243; module_class=&#8221;push&#8221; _builder_version=&#8221;4.27.4&#8243; _module_preset=&#8221;default&#8221; custom_css_main_element=&#8221;display:flex;||align-items:center;||justify-content:center;&#8221; global_colors_info=&#8221;{%22gcid-ef82ae79-d7bc-4b3e-b06d-280292b674c4%22:%91%22button_bg_color%22%93}&#8221; custom_css_main_element_last_edited=&#8221;on|phone&#8221; custom_css_main_element_phone=&#8221;flex-direction:column;&#8221; transform_styles__hover_enabled=&#8221;on|hover&#8221; transform_scale__hover_enabled=&#8221;on|hover&#8221; transform_translate__hover_enabled=&#8221;on|desktop&#8221; transform_rotate__hover_enabled=&#8221;on|desktop&#8221; transform_skew__hover_enabled=&#8221;on|desktop&#8221; transform_origin__hover_enabled=&#8221;on|desktop&#8221; custom_css_main_element_tablet=&#8221;display:flex;||align-items:center;||justify-content:center;&#8221;][et_pb_column type=&#8221;2_3&#8243; _builder_version=&#8221;4.27.4&#8243; _module_preset=&#8221;default&#8221; global_colors_info=&#8221;{}&#8221;][et_pb_text _builder_version=&#8221;4.27.4&#8243; text_font=&#8221;Ibarra Real Nova|600|||||||&#8221; text_text_color=&#8221;gcid-d1114666-ef16-4db4-a358-613511ea78ee&#8221; text_font_size=&#8221;2.5em&#8221; global_colors_info=&#8221;{%22gcid-d1114666-ef16-4db4-a358-613511ea78ee%22:%91%22text_text_color%22%93}&#8221;]<\/p>\n<p>Kontaktieren Sie uns bei Fragen<\/p>\n<p>[\/et_pb_text][et_pb_text _builder_version=&#8221;4.27.4&#8243; _module_preset=&#8221;default&#8221; global_colors_info=&#8221;{}&#8221;]<\/p>\n<p>Verwaltungsb\u00fcro in der Avda. de la Constituci\u00f3n Nr. 61, 10430 \u2013 Cuacos de Yuste (C\u00e1ceres).<\/p>\n<p><strong>Telefon:<\/strong> 927172311.<br \/><span class=\"ff1 cf0 fs24\"><strong>Email:<\/strong> secretaria@caballerosdeyuste.es<\/span><\/p>\n<p>&nbsp;<\/p>\n<p>[\/et_pb_text][\/et_pb_column][et_pb_column type=&#8221;1_3&#8243; _builder_version=&#8221;4.27.4&#8243; _module_preset=&#8221;default&#8221; global_colors_info=&#8221;{}&#8221;][et_pb_button button_url=&#8221;@ET-DC@eyJkeW5hbWljIjp0cnVlLCJjb250ZW50IjoicG9zdF9saW5rX3VybF9wYWdlIiwic2V0dGluZ3MiOnsicG9zdF9pZCI6Ijg4IiwiZW5hYmxlX2h0bWwiOiJvZmYifX0=@&#8221; button_text=&#8221;Kontakt&#8221; module_class=&#8221;push&#8221; _builder_version=&#8221;4.27.4&#8243; _dynamic_attributes=&#8221;button_url&#8221; _module_preset=&#8221;default&#8221; custom_button=&#8221;on&#8221; button_text_color=&#8221;#FFFFFF&#8221; button_bg_color=&#8221;gcid-ef82ae79-d7bc-4b3e-b06d-280292b674c4&#8243; button_border_width=&#8221;0px&#8221; button_use_icon=&#8221;off&#8221; global_colors_info=&#8221;{%22gcid-ef82ae79-d7bc-4b3e-b06d-280292b674c4%22:%91%22button_bg_color%22%93}&#8221; transform_styles__hover_enabled=&#8221;on|hover&#8221; transform_scale__hover=&#8221;97%|97%&#8221; transform_scale__hover_enabled=&#8221;on|hover&#8221; transform_translate__hover_enabled=&#8221;on|desktop&#8221; transform_rotate__hover_enabled=&#8221;on|desktop&#8221; transform_skew__hover_enabled=&#8221;on|desktop&#8221; transform_origin__hover_enabled=&#8221;on|desktop&#8221;][\/et_pb_button][\/et_pb_column][\/et_pb_row][\/et_pb_section]<\/p>\n","protected":false},"excerpt":{"rendered":"<p><div class=\"et_pb_module lwp_divi_breadcrumbs lwp_divi_breadcrumbs_0\">\n\t\t\t\t\n\t\t\t\t\n\t\t\t\t\n\t\t\t\t\n\t\t\t\t\n\t\t\t\t\n\t\t\t\t<div class=\"et_pb_module_inner\">\n\t\t\t\t\t<div class=\"lwp-breadcrumbs\"> <span class=\"before\"><\/span> <span vocab=\"https:\/\/schema.org\/\" typeof=\"BreadcrumbList\"><span property=\"itemListElement\" typeof=\"ListItem\"><a property=\"item\" typeof=\"WebPage\" href=\"https:\/\/www.caballerosdeyuste.es\/web\/\" class=\"home\"><span property=\"name\">Inicio<\/span><\/a><meta property=\"position\" content=\"1\"><\/span> <span class=\"separator et-pb-icon\">&#x35;<\/span> <\/span><\/div>\n\t\t\t\t<\/div>\n\t\t\t<\/div>Wie kann man Mitglied der K\u00f6niglichen Vereinigung werden?Um Mitglied der K\u00f6niglichen Vereinigung der Ritter und Damen des [&hellip;]<\/p>\n","protected":false},"author":1,"featured_media":0,"parent":0,"menu_order":0,"comment_status":"closed","ping_status":"closed","template":"","meta":{"_acf_changed":false,"_et_pb_use_builder":"on","_et_pb_old_content":"","_et_gb_content_width":"","_price":"","_stock":"","_tribe_ticket_header":"","_tribe_default_ticket_provider":"","_tribe_ticket_capacity":"0","_ticket_start_date":"","_ticket_end_date":"","_tribe_ticket_show_description":"","_tribe_ticket_show_not_going":false,"_tribe_ticket_use_global_stock":"","_tribe_ticket_global_stock_level":"","_global_stock_mode":"","_global_stock_cap":"","_tribe_rsvp_for_event":"","_tribe_ticket_going_count":"","_tribe_ticket_not_going_count":"","_tribe_tickets_list":"[]","_tribe_ticket_has_attendee_info_fields":false,"footnotes":"","_tec_slr_enabled":"","_tec_slr_layout":""},"class_list":["post-246191","page","type-page","status-publish","hentry"],"acf":[],"yoast_head":"<!-- This site is optimized with the Yoast SEO plugin v27.5 - https:\/\/yoast.com\/product\/yoast-seo-wordpress\/ -->\n<title>Einkommen - Caballeros de Yuste<\/title>\n<meta name=\"robots\" content=\"index, follow, max-snippet:-1, max-image-preview:large, max-video-preview:-1\" \/>\n<link rel=\"canonical\" href=\"https:\/\/www.caballerosdeyuste.es\/web\/ingreso\/\" \/>\n<meta property=\"og:locale\" content=\"es_ES\" \/>\n<meta property=\"og:type\" content=\"article\" \/>\n<meta property=\"og:title\" content=\"Einkommen - Caballeros de Yuste\" \/>\n<meta property=\"og:description\" content=\"Wie kann man Mitglied der K\u00f6niglichen Vereinigung werden?Um Mitglied der K\u00f6niglichen Vereinigung der Ritter und Damen des [&hellip;]\" \/>\n<meta property=\"og:url\" content=\"https:\/\/www.caballerosdeyuste.es\/web\/ingreso\/\" \/>\n<meta property=\"og:site_name\" content=\"Caballeros de Yuste\" \/>\n<meta property=\"article:modified_time\" content=\"2025-11-25T13:34:50+00:00\" \/>\n<meta name=\"twitter:card\" content=\"summary_large_image\" \/>\n<meta name=\"twitter:label1\" content=\"Tiempo de lectura\" \/>\n\t<meta name=\"twitter:data1\" content=\"8 minutos\" \/>\n<script type=\"application\/ld+json\" class=\"yoast-schema-graph\">{\"@context\":\"https:\\\/\\\/schema.org\",\"@graph\":[{\"@type\":\"WebPage\",\"@id\":\"https:\\\/\\\/www.caballerosdeyuste.es\\\/web\\\/ingreso\\\/\",\"url\":\"https:\\\/\\\/www.caballerosdeyuste.es\\\/web\\\/ingreso\\\/\",\"name\":\"Einkommen - Caballeros de Yuste\",\"isPartOf\":{\"@id\":\"https:\\\/\\\/www.caballerosdeyuste.es\\\/web\\\/?lang=it\\\/#website\"},\"datePublished\":\"2025-06-03T13:25:29+00:00\",\"dateModified\":\"2025-11-25T13:34:50+00:00\",\"breadcrumb\":{\"@id\":\"https:\\\/\\\/www.caballerosdeyuste.es\\\/web\\\/ingreso\\\/#breadcrumb\"},\"inLanguage\":\"es\",\"potentialAction\":[{\"@type\":\"ReadAction\",\"target\":[\"https:\\\/\\\/www.caballerosdeyuste.es\\\/web\\\/ingreso\\\/\"]}]},{\"@type\":\"BreadcrumbList\",\"@id\":\"https:\\\/\\\/www.caballerosdeyuste.es\\\/web\\\/ingreso\\\/#breadcrumb\",\"itemListElement\":[{\"@type\":\"ListItem\",\"position\":1,\"name\":\"Portada\",\"item\":\"https:\\\/\\\/www.caballerosdeyuste.es\\\/web\\\/\"},{\"@type\":\"ListItem\",\"position\":2,\"name\":\"Einkommen\"}]},{\"@type\":\"WebSite\",\"@id\":\"https:\\\/\\\/www.caballerosdeyuste.es\\\/web\\\/?lang=it\\\/#website\",\"url\":\"https:\\\/\\\/www.caballerosdeyuste.es\\\/web\\\/?lang=it\\\/\",\"name\":\"Caballeros de Yuste\",\"description\":\"Real Asociaci\u00f3n de Caballeros y Damas del Monasterio de Yuste\",\"potentialAction\":[{\"@type\":\"SearchAction\",\"target\":{\"@type\":\"EntryPoint\",\"urlTemplate\":\"https:\\\/\\\/www.caballerosdeyuste.es\\\/web\\\/?lang=it\\\/?s={search_term_string}\"},\"query-input\":{\"@type\":\"PropertyValueSpecification\",\"valueRequired\":true,\"valueName\":\"search_term_string\"}}],\"inLanguage\":\"es\"}]}<\/script>\n<!-- \/ Yoast SEO plugin. -->","yoast_head_json":{"title":"Einkommen - Caballeros de Yuste","robots":{"index":"index","follow":"follow","max-snippet":"max-snippet:-1","max-image-preview":"max-image-preview:large","max-video-preview":"max-video-preview:-1"},"canonical":"https:\/\/www.caballerosdeyuste.es\/web\/ingreso\/","og_locale":"es_ES","og_type":"article","og_title":"Einkommen - Caballeros de Yuste","og_description":"Wie kann man Mitglied der K\u00f6niglichen Vereinigung werden?Um Mitglied der K\u00f6niglichen Vereinigung der Ritter und Damen des [&hellip;]","og_url":"https:\/\/www.caballerosdeyuste.es\/web\/ingreso\/","og_site_name":"Caballeros de Yuste","article_modified_time":"2025-11-25T13:34:50+00:00","twitter_card":"summary_large_image","twitter_misc":{"Tiempo de lectura":"8 minutos"},"schema":{"@context":"https:\/\/schema.org","@graph":[{"@type":"WebPage","@id":"https:\/\/www.caballerosdeyuste.es\/web\/ingreso\/","url":"https:\/\/www.caballerosdeyuste.es\/web\/ingreso\/","name":"Einkommen - Caballeros de Yuste","isPartOf":{"@id":"https:\/\/www.caballerosdeyuste.es\/web\/?lang=it\/#website"},"datePublished":"2025-06-03T13:25:29+00:00","dateModified":"2025-11-25T13:34:50+00:00","breadcrumb":{"@id":"https:\/\/www.caballerosdeyuste.es\/web\/ingreso\/#breadcrumb"},"inLanguage":"es","potentialAction":[{"@type":"ReadAction","target":["https:\/\/www.caballerosdeyuste.es\/web\/ingreso\/"]}]},{"@type":"BreadcrumbList","@id":"https:\/\/www.caballerosdeyuste.es\/web\/ingreso\/#breadcrumb","itemListElement":[{"@type":"ListItem","position":1,"name":"Portada","item":"https:\/\/www.caballerosdeyuste.es\/web\/"},{"@type":"ListItem","position":2,"name":"Einkommen"}]},{"@type":"WebSite","@id":"https:\/\/www.caballerosdeyuste.es\/web\/?lang=it\/#website","url":"https:\/\/www.caballerosdeyuste.es\/web\/?lang=it\/","name":"Caballeros de Yuste","description":"Real Asociaci\u00f3n de Caballeros y Damas del Monasterio de Yuste","potentialAction":[{"@type":"SearchAction","target":{"@type":"EntryPoint","urlTemplate":"https:\/\/www.caballerosdeyuste.es\/web\/?lang=it\/?s={search_term_string}"},"query-input":{"@type":"PropertyValueSpecification","valueRequired":true,"valueName":"search_term_string"}}],"inLanguage":"es"}]}},"ticketed":false,"_links":{"self":[{"href":"https:\/\/www.caballerosdeyuste.es\/web\/wp-json\/wp\/v2\/pages\/246191","targetHints":{"allow":["GET"]}}],"collection":[{"href":"https:\/\/www.caballerosdeyuste.es\/web\/wp-json\/wp\/v2\/pages"}],"about":[{"href":"https:\/\/www.caballerosdeyuste.es\/web\/wp-json\/wp\/v2\/types\/page"}],"author":[{"embeddable":true,"href":"https:\/\/www.caballerosdeyuste.es\/web\/wp-json\/wp\/v2\/users\/1"}],"replies":[{"embeddable":true,"href":"https:\/\/www.caballerosdeyuste.es\/web\/wp-json\/wp\/v2\/comments?post=246191"}],"version-history":[{"count":6,"href":"https:\/\/www.caballerosdeyuste.es\/web\/wp-json\/wp\/v2\/pages\/246191\/revisions"}],"predecessor-version":[{"id":246808,"href":"https:\/\/www.caballerosdeyuste.es\/web\/wp-json\/wp\/v2\/pages\/246191\/revisions\/246808"}],"wp:attachment":[{"href":"https:\/\/www.caballerosdeyuste.es\/web\/wp-json\/wp\/v2\/media?parent=246191"}],"curies":[{"name":"wp","href":"https:\/\/api.w.org\/{rel}","templated":true}]}}