{"id":245611,"date":"2025-05-12T12:01:24","date_gmt":"2025-05-12T10:01:24","guid":{"rendered":"http:\/\/www.caballerosdeyuste.es\/web\/geschichte\/"},"modified":"2025-12-17T09:59:29","modified_gmt":"2025-12-17T08:59:29","slug":"geschichte","status":"publish","type":"page","link":"https:\/\/www.caballerosdeyuste.es\/web\/geschichte\/?lang=de","title":{"rendered":"Geschichte"},"content":{"rendered":"<p>[et_pb_section fb_built=&#8221;1&#8243; _builder_version=&#8221;4.27.4&#8243; _module_preset=&#8221;default&#8221; background_color=&#8221;gcid-9497e03e-5562-44f9-9c68-09639ac67986&#8243; custom_margin=&#8221;||||false|false&#8221; custom_padding=&#8221;0px|0px|0px||true|false&#8221; global_colors_info=&#8221;{%22gcid-9497e03e-5562-44f9-9c68-09639ac67986%22:%91%22background_color%22%93}&#8221;][et_pb_row _builder_version=&#8221;4.27.4&#8243; _module_preset=&#8221;default&#8221; width=&#8221;85%&#8221; max_width=&#8221;2560px&#8221; border_width_bottom=&#8221;1px&#8221; border_color_bottom=&#8221;gcid-c515c2e5-3fd0-4426-90da-e434a88a980d&#8221; global_colors_info=&#8221;{%22gcid-c515c2e5-3fd0-4426-90da-e434a88a980d%22:%91%22border_color_bottom%22%93}&#8221;][et_pb_column type=&#8221;4_4&#8243; _builder_version=&#8221;4.27.4&#8243; _module_preset=&#8221;default&#8221; custom_css_main_element=&#8221;min-width:100%;&#8221; global_colors_info=&#8221;{}&#8221;][lwp_divi_breadcrumbs home_text=&#8221;Inicio&#8221; font_icon=&#8221;&#x35;||divi||400&#8243; use_custom_home_link=&#8221;off&#8221; link_color=&#8221;gcid-28bbb8f9-a63e-499e-a488-16928c756183&#8243; separator_color=&#8221;gcid-28bbb8f9-a63e-499e-a488-16928c756183&#8243; current_text_color=&#8221;gcid-d1114666-ef16-4db4-a358-613511ea78ee&#8221; _builder_version=&#8221;4.27.4&#8243; _module_preset=&#8221;default&#8221; module_font=&#8221;&#8211;et_global_body_font|700|||||||&#8221; module_text_color=&#8221;gcid-c2933ceb-9641-4d37-bb1b-61eb067d45cb&#8221; custom_margin=&#8221;||-37px||false|false&#8221; custom_padding=&#8221;||0px||false|false&#8221; global_colors_info=&#8221;{%22gcid-c2933ceb-9641-4d37-bb1b-61eb067d45cb%22:%91%22module_text_color%22%93,%22gcid-28bbb8f9-a63e-499e-a488-16928c756183%22:%91%22link_color%22,%22separator_color%22%93,%22gcid-d1114666-ef16-4db4-a358-613511ea78ee%22:%91%22current_text_color%22%93}&#8221;][\/lwp_divi_breadcrumbs][et_pb_heading title=&#8221;Geschichte&#8221; _builder_version=&#8221;4.27.4&#8243; _module_preset=&#8221;default&#8221; title_font=&#8221;Ibarra Real Nova|||on|||||&#8221; title_text_align=&#8221;left&#8221; title_text_color=&#8221;gcid-d1114666-ef16-4db4-a358-613511ea78ee&#8221; title_font_size=&#8221;3em&#8221; background_enable_color=&#8221;off&#8221; custom_margin=&#8221;-20px||||false|false&#8221; custom_padding=&#8221;0px||||false|false&#8221; animation_style=&#8221;fade&#8221; global_colors_info=&#8221;{%22gcid-d1114666-ef16-4db4-a358-613511ea78ee%22:%91%22title_text_color%22%93}&#8221;][\/et_pb_heading][\/et_pb_column][\/et_pb_row][\/et_pb_section][et_pb_section fb_built=&#8221;1&#8243; _builder_version=&#8221;4.27.4&#8243; _module_preset=&#8221;default&#8221; global_colors_info=&#8221;{}&#8221;][et_pb_row column_structure=&#8221;3_5,2_5&#8243; _builder_version=&#8221;4.27.4&#8243; _module_preset=&#8221;default&#8221; max_width=&#8221;2560px&#8221; global_colors_info=&#8221;{}&#8221;][et_pb_column type=&#8221;3_5&#8243; _builder_version=&#8221;4.27.4&#8243; _module_preset=&#8221;default&#8221; global_colors_info=&#8221;{}&#8221;][et_pb_text quote_border_color=&#8221;gcid-5b291cc9-df1d-4b6e-9bdc-386dacc5279f&#8221; _builder_version=&#8221;4.27.4&#8243; _module_preset=&#8221;default&#8221; quote_text_color=&#8221;gcid-d1114666-ef16-4db4-a358-613511ea78ee&#8221; text_orientation=&#8221;justified&#8221; global_colors_info=&#8221;{%22gcid-d1114666-ef16-4db4-a358-613511ea78ee%22:%91%22quote_text_color%22%93,%22gcid-5b291cc9-df1d-4b6e-9bdc-386dacc5279f%22:%91%22quote_border_color%22%93}&#8221;]<\/p>\n<p>Die <strong>Vereinigung der Ritter des Klosters von Yuste<\/strong> wurde 1957 gegr\u00fcndet und widmet sich der F\u00f6rderung dessen, was das Kloster von Yuste ist und repr\u00e4sentiert. Er steht unter dem Patronat des Heiligen Hieronymus, dem Schutzpatron des Ordens, dem das Kloster angeh\u00f6rte. <\/p>\n<p>In der <strong>\u201eVilla de Cuacos\u201d<\/strong>, am Tag vier des Mai neunzehnhundert f\u00fcnfzig und sieben, auf der Plaza de Espa\u00f1a Nr. 1, eine Gruppe von Extremaduranern beschlie\u00dft die Gr\u00fcndung der Vereinigung, bildet eine<strong> Kommission Verwaltung<\/strong>, und unmittelbar danach halten sie eine <strong>Generalversammlung<\/strong> mit den einundzwanzig ersten Mitgliedern ab.<\/p>\n<p>Vor der Gr\u00fcndung der Vereinigung \u201eCaballeros del Monasterio de Yuste\u201d (Ritter des Klosters von Yuste) fand eine <strong>Plenarsitzung des Stadtrats von Cuacos<\/strong> statt, die den Grundstein f\u00fcr die Gr\u00fcndung legte.<\/p>\n<p>Im Sitzungsprotokollbuch der Stadtverwaltung von <strong>Cuacos (C\u00e1ceres)<\/strong> wird auf den Seiten 157 vto. und 158 vto. die au\u00dferordentliche Plenarsitzung vom <strong>22. September 1956<\/strong> erw\u00e4hnt, an der der <strong>B\u00fcrgermeister, Nicol\u00e1s Mateos Garc\u00eda und die Stadtr\u00e4te D\u00e1maso Hornero P\u00e9rez, Tiburcio P\u00e9rez Mateos, Germ\u00e1n P\u00e9rez Hornero, Ezequiel P\u00e9rez Tranc\u00f3n und Jos\u00e9 L\u00f3pez P\u00e9rez teilnahmen, wobei Domiciano Corisco Gonz\u00e1lez als Sekret\u00e4r fungierte.<\/strong><\/p>\n<p>Diese Stadtratssitzung wurde anl\u00e4sslich des <strong>\u201eTodestages von Kaiser Karl V.\u201c<\/strong> abgehalten, bei der den \u00fcbrigen Mitgliedern des Stadtrats \u00fcber die am Vortag abgehaltenen Feierlichkeiten berichtet wurde.<\/p>\n<p><strong>Das Protokoll lautet wie folgt:<\/strong><\/p>\n<blockquote>\n<p>\u201e&#8230;auf Antrag des Herrn Herr Francisco Fern\u00e1ndez Serrano, Kanoniker und Archivar der Heiligen Metropolitankirchen La Seo und El Pilar in Zaragoza, versammelten sich dreizehn Pers\u00f6nlichkeiten der Region (Priester und Laien), die alle Yuste sehr verbunden sind, um ein Freundschaftsessen zu feiern und dabei Themen im Zusammenhang mit dem 400. Todestag von Kaiser Karl V. zu besprechen.\u201c<\/p>\n<\/blockquote>\n<p>An diesem Tag wurde in der <strong>Pfarrkirche der Stadt Cuacos<\/strong> eine Requiem-Messe zum Gedenken an den Kaiser abgehalten, da sich an diesem Tag sein 398. Todestag j\u00e4hrte.<\/p>\n<p>Die Feierlichkeiten im Kloster von Yuste endeten \u201emit dem lebhaften Wunsch, einen Verein zu gr\u00fcnden, der den Namen <strong>\u201eRitter des Klosters von Yuste\u201c. (aus dem Sitzungsprotokoll). <\/strong><\/p>\n<p>In diesem historischen Moment der Gr\u00fcndung des Vereins werden Nicol\u00e1s Mateos Garc\u00eda zum Pr\u00e4sidenten, Domiciano Corisco Gonz\u00e1lez zum Beisitzer und Porfirio Garc\u00eda Bautista zum Sekret\u00e4r ernannt, sowie achtzehn weitere Personen, die die Gr\u00fcndungsmitglieder sind.<\/p>\n<p>Nach Ausarbeitung der <strong>Satzung<\/strong>, die von der Generalversammlung und anschlie\u00dfend vom Innenministerium gem\u00e4\u00df dem offiziellen Schreiben 2527 des Herrn Zivilgouverneurs von C\u00e1ceres, <strong>Dekret vom 25. Januar 1941<\/strong>, zur Regelung der Aus\u00fcbung des Vereinsrechts genehmigt wurde, wird die Gr\u00fcndung und T\u00e4tigkeit des Vereins genehmigt.  <\/p>\n<p>Am <strong>18. Januar 1996<\/strong> beantragte der damalige Pr\u00e4sident des Vereins, Manuel Mart\u00edn Lobo, bei Seiner Majest\u00e4t K\u00f6nig Juan Carlos I. den Titel <strong>\u201eK\u00f6niglich\u201d<\/strong> f\u00fcr die Institution. Der Generalsekret\u00e4r des K\u00f6nigshauses antwortete dem Pr\u00e4sidenten am <strong>19. Februar 1996<\/strong> mit folgenden Worten: <\/p>\n<blockquote>\n<p>\u201e&#8230; Ich habe die Angelegenheit mit Seiner Majest\u00e4t dem K\u00f6nig besprochen, und da er sich bereit erkl\u00e4rt hat, den genannten Titel zu verleihen, freue ich mich, Ihnen die entsprechende Urkunde beizuf\u00fcgen.\u201c<\/p>\n<\/blockquote>\n<p>Die derzeit geltende Satzung unserer K\u00f6niglichen Vereinigung wurde auf der au\u00dferordentlichen Generalversammlung am 1. Oktober 2022 verabschiedet und am 4. Mai 2023 beim Innenministerium registriert.<\/p>\n<p>&nbsp;<\/p>\n<p>[\/et_pb_text][\/et_pb_column][et_pb_column type=&#8221;2_5&#8243; _builder_version=&#8221;4.27.4&#8243; _module_preset=&#8221;default&#8221; sticky_limit_bottom=&#8221;section&#8221; global_colors_info=&#8221;{}&#8221;][et_pb_image src=&#8221;https:\/\/www.caballerosdeyuste.es\/web\/wp-content\/uploads\/2025\/05\/carlos-v-en-yuste.png&#8221; title_text=&#8221;Carlos V. in Yuste&#8221; _builder_version=&#8221;4.27.4&#8243; _module_preset=&#8221;default&#8221; sticky_limit_bottom=&#8221;section&#8221; global_colors_info=&#8221;{}&#8221;][\/et_pb_image][et_pb_text _builder_version=&#8221;4.27.4&#8243; _module_preset=&#8221;default&#8221; text_font=&#8221;&#8211;et_global_body_font||||||||&#8221; text_orientation=&#8221;justified&#8221; custom_css_free_form=&#8221;selector ul {||  padding-left:20px||}&#8221; global_colors_info=&#8221;{}&#8221;]<\/p>\n<p><strong>Was bedeutet es, ein Ritter oder eine Dame des Klosters von Yuste zu sein?<\/strong><\/p>\n<p>Die Antwort ist einfach: Ein Ritter oder eine Dame der Royal Association zu sein, ist eine hohe Ehre.<\/p>\n<p><strong>Was sind Ihre Rechte?<\/strong><\/p>\n<ul>\n<li>Aktive Teilnahme an den Vorteilen und Verg\u00fcnstigungen, die die K\u00f6nigliche Vereinigung bietet.<\/li>\n<li>Teilnahme mit Stimmrecht an den Generalversammlungen.<\/li>\n<li>F\u00fcr Regierungs\u00e4mter gew\u00e4hlt werden k\u00f6nnen.<\/li>\n<li>Die Abzeichen des Vereins verwenden.<\/li>\n<\/ul>\n<p><strong><\/strong><\/p>\n<p><strong>Und was sind Ihre Aufgaben?<\/strong><strong><\/strong><\/p>\n<ul>\n<li>An den offiziellen Veranstaltungen teilnehmen, die von der Einrichtung organisiert werden.<\/li>\n<li>Die Ziele des Vereins zu erf\u00fcllen und durchzusetzen.<\/li>\n<li>Der Vereinigung die erforderliche pers\u00f6nliche Unterst\u00fctzung zukommen lassen. Gro\u00dfz\u00fcgig zu ihrem Erfolg beitragen.<\/li>\n<li>Keine Handlungen vornehmen, die den Zielen des Vereins zuwiderlaufen.<\/li>\n<li>Die festgelegten Beitr\u00e4ge p\u00fcnktlich bezahlen.<\/li>\n<li>Ohne vorherige und ordnungsgem\u00e4\u00dfe Genehmigung nicht im Namen der Real Asociaci\u00f3n zu handeln oder deren Namen f\u00fcr Aktivit\u00e4ten zu verwenden, die nicht den Zwecken der Vereinigung entsprechen.<\/li>\n<li>Teilnahme an mindestens einer der beiden j\u00e4hrlichen Generalversammlungen, bei denen neue Ritter und Damen von Yuste feierlich in ihr Amt eingef\u00fchrt werden.<\/li>\n<\/ul>\n<p><strong><\/strong><\/p>\n<p><span style=\"color: #333333;\"><strong><a href=\"https:\/\/www.caballerosdeyuste.es\/web\/einkommen\/?lang=de\" style=\"color: #333333;\">Wie kann man Mitglied des Vereins werden?<\/a><\/strong><\/span><\/p>\n<p>[\/et_pb_text][et_pb_button button_url=&#8221;https:\/\/www.caballerosdeyuste.es\/web\/einkommen\/?lang=de&#8221; button_text=&#8221;Einkommen&#8221; _builder_version=&#8221;4.27.4&#8243; _module_preset=&#8221;default&#8221; custom_button=&#8221;on&#8221; button_text_color=&#8221;#FFFFFF&#8221; button_bg_color=&#8221;#444444&#8243; button_border_width=&#8221;0px&#8221; button_border_radius=&#8221;5px&#8221; button_font=&#8221;&#8211;et_global_heading_font||||||||&#8221; custom_margin=&#8221;|||10px|false|false&#8221; custom_padding=&#8221;||||false|false&#8221; hover_enabled=&#8221;0&#8243; global_colors_info=&#8221;{}&#8221; button_use_icon=&#8221;off&#8221; sticky_enabled=&#8221;0&#8243;][\/et_pb_button][\/et_pb_column][\/et_pb_row][\/et_pb_section]<\/p>\n","protected":false},"excerpt":{"rendered":"<p><div class=\"et_pb_module lwp_divi_breadcrumbs lwp_divi_breadcrumbs_0\">\n\t\t\t\t\n\t\t\t\t\n\t\t\t\t\n\t\t\t\t\n\t\t\t\t\n\t\t\t\t\n\t\t\t\t<div class=\"et_pb_module_inner\">\n\t\t\t\t\t<div class=\"lwp-breadcrumbs\"> <span class=\"before\"><\/span> <span vocab=\"https:\/\/schema.org\/\" typeof=\"BreadcrumbList\"><span property=\"itemListElement\" typeof=\"ListItem\"><a property=\"item\" typeof=\"WebPage\" href=\"https:\/\/www.caballerosdeyuste.es\/web\/\" class=\"home\"><span property=\"name\">Inicio<\/span><\/a><meta property=\"position\" content=\"1\"><\/span> <span class=\"separator et-pb-icon\">&#x35;<\/span> <\/span><\/div>\n\t\t\t\t<\/div>\n\t\t\t<\/div>Die Vereinigung der Ritter des Klosters von Yuste wurde 1957 gegr\u00fcndet und widmet sich der F\u00f6rderung dessen, [&hellip;]<\/p>\n","protected":false},"author":1,"featured_media":0,"parent":0,"menu_order":0,"comment_status":"closed","ping_status":"closed","template":"","meta":{"_acf_changed":false,"_et_pb_use_builder":"on","_et_pb_old_content":"","_et_gb_content_width":"","_price":"","_stock":"","_tribe_ticket_header":"","_tribe_default_ticket_provider":"","_tribe_ticket_capacity":"0","_ticket_start_date":"","_ticket_end_date":"","_tribe_ticket_show_description":"","_tribe_ticket_show_not_going":false,"_tribe_ticket_use_global_stock":"","_tribe_ticket_global_stock_level":"","_global_stock_mode":"","_global_stock_cap":"","_tribe_rsvp_for_event":"","_tribe_ticket_going_count":"","_tribe_ticket_not_going_count":"","_tribe_tickets_list":"[]","_tribe_ticket_has_attendee_info_fields":false,"footnotes":"","_tec_slr_enabled":"","_tec_slr_layout":""},"class_list":["post-245611","page","type-page","status-publish","hentry"],"acf":[],"yoast_head":"<!-- This site is optimized with the Yoast SEO plugin v27.5 - https:\/\/yoast.com\/product\/yoast-seo-wordpress\/ -->\n<title>Geschichte - Caballeros de Yuste<\/title>\n<meta name=\"robots\" content=\"index, follow, max-snippet:-1, max-image-preview:large, max-video-preview:-1\" \/>\n<link rel=\"canonical\" href=\"https:\/\/www.caballerosdeyuste.es\/web\/historia\/\" \/>\n<meta property=\"og:locale\" content=\"es_ES\" \/>\n<meta property=\"og:type\" content=\"article\" \/>\n<meta property=\"og:title\" content=\"Geschichte - Caballeros de Yuste\" \/>\n<meta property=\"og:description\" content=\"Die Vereinigung der Ritter des Klosters von Yuste wurde 1957 gegr\u00fcndet und widmet sich der F\u00f6rderung dessen, [&hellip;]\" \/>\n<meta property=\"og:url\" content=\"https:\/\/www.caballerosdeyuste.es\/web\/historia\/\" \/>\n<meta property=\"og:site_name\" content=\"Caballeros de Yuste\" \/>\n<meta property=\"article:modified_time\" content=\"2025-12-17T08:59:29+00:00\" \/>\n<meta name=\"twitter:card\" content=\"summary_large_image\" \/>\n<meta name=\"twitter:label1\" content=\"Tiempo de lectura\" \/>\n\t<meta name=\"twitter:data1\" content=\"6 minutos\" \/>\n<script type=\"application\/ld+json\" class=\"yoast-schema-graph\">{\"@context\":\"https:\\\/\\\/schema.org\",\"@graph\":[{\"@type\":\"WebPage\",\"@id\":\"https:\\\/\\\/www.caballerosdeyuste.es\\\/web\\\/historia\\\/\",\"url\":\"https:\\\/\\\/www.caballerosdeyuste.es\\\/web\\\/historia\\\/\",\"name\":\"Geschichte - Caballeros de Yuste\",\"isPartOf\":{\"@id\":\"https:\\\/\\\/www.caballerosdeyuste.es\\\/web\\\/?lang=it\\\/#website\"},\"datePublished\":\"2025-05-12T10:01:24+00:00\",\"dateModified\":\"2025-12-17T08:59:29+00:00\",\"breadcrumb\":{\"@id\":\"https:\\\/\\\/www.caballerosdeyuste.es\\\/web\\\/historia\\\/#breadcrumb\"},\"inLanguage\":\"es\",\"potentialAction\":[{\"@type\":\"ReadAction\",\"target\":[\"https:\\\/\\\/www.caballerosdeyuste.es\\\/web\\\/historia\\\/\"]}]},{\"@type\":\"BreadcrumbList\",\"@id\":\"https:\\\/\\\/www.caballerosdeyuste.es\\\/web\\\/historia\\\/#breadcrumb\",\"itemListElement\":[{\"@type\":\"ListItem\",\"position\":1,\"name\":\"Portada\",\"item\":\"https:\\\/\\\/www.caballerosdeyuste.es\\\/web\\\/\"},{\"@type\":\"ListItem\",\"position\":2,\"name\":\"Geschichte\"}]},{\"@type\":\"WebSite\",\"@id\":\"https:\\\/\\\/www.caballerosdeyuste.es\\\/web\\\/?lang=it\\\/#website\",\"url\":\"https:\\\/\\\/www.caballerosdeyuste.es\\\/web\\\/?lang=it\\\/\",\"name\":\"Caballeros de Yuste\",\"description\":\"Real Asociaci\u00f3n de Caballeros y Damas del Monasterio de Yuste\",\"potentialAction\":[{\"@type\":\"SearchAction\",\"target\":{\"@type\":\"EntryPoint\",\"urlTemplate\":\"https:\\\/\\\/www.caballerosdeyuste.es\\\/web\\\/?lang=it\\\/?s={search_term_string}\"},\"query-input\":{\"@type\":\"PropertyValueSpecification\",\"valueRequired\":true,\"valueName\":\"search_term_string\"}}],\"inLanguage\":\"es\"}]}<\/script>\n<!-- \/ Yoast SEO plugin. -->","yoast_head_json":{"title":"Geschichte - Caballeros de Yuste","robots":{"index":"index","follow":"follow","max-snippet":"max-snippet:-1","max-image-preview":"max-image-preview:large","max-video-preview":"max-video-preview:-1"},"canonical":"https:\/\/www.caballerosdeyuste.es\/web\/historia\/","og_locale":"es_ES","og_type":"article","og_title":"Geschichte - Caballeros de Yuste","og_description":"Die Vereinigung der Ritter des Klosters von Yuste wurde 1957 gegr\u00fcndet und widmet sich der F\u00f6rderung dessen, [&hellip;]","og_url":"https:\/\/www.caballerosdeyuste.es\/web\/historia\/","og_site_name":"Caballeros de Yuste","article_modified_time":"2025-12-17T08:59:29+00:00","twitter_card":"summary_large_image","twitter_misc":{"Tiempo de lectura":"6 minutos"},"schema":{"@context":"https:\/\/schema.org","@graph":[{"@type":"WebPage","@id":"https:\/\/www.caballerosdeyuste.es\/web\/historia\/","url":"https:\/\/www.caballerosdeyuste.es\/web\/historia\/","name":"Geschichte - Caballeros de Yuste","isPartOf":{"@id":"https:\/\/www.caballerosdeyuste.es\/web\/?lang=it\/#website"},"datePublished":"2025-05-12T10:01:24+00:00","dateModified":"2025-12-17T08:59:29+00:00","breadcrumb":{"@id":"https:\/\/www.caballerosdeyuste.es\/web\/historia\/#breadcrumb"},"inLanguage":"es","potentialAction":[{"@type":"ReadAction","target":["https:\/\/www.caballerosdeyuste.es\/web\/historia\/"]}]},{"@type":"BreadcrumbList","@id":"https:\/\/www.caballerosdeyuste.es\/web\/historia\/#breadcrumb","itemListElement":[{"@type":"ListItem","position":1,"name":"Portada","item":"https:\/\/www.caballerosdeyuste.es\/web\/"},{"@type":"ListItem","position":2,"name":"Geschichte"}]},{"@type":"WebSite","@id":"https:\/\/www.caballerosdeyuste.es\/web\/?lang=it\/#website","url":"https:\/\/www.caballerosdeyuste.es\/web\/?lang=it\/","name":"Caballeros de Yuste","description":"Real Asociaci\u00f3n de Caballeros y Damas del Monasterio de Yuste","potentialAction":[{"@type":"SearchAction","target":{"@type":"EntryPoint","urlTemplate":"https:\/\/www.caballerosdeyuste.es\/web\/?lang=it\/?s={search_term_string}"},"query-input":{"@type":"PropertyValueSpecification","valueRequired":true,"valueName":"search_term_string"}}],"inLanguage":"es"}]}},"ticketed":false,"_links":{"self":[{"href":"https:\/\/www.caballerosdeyuste.es\/web\/wp-json\/wp\/v2\/pages\/245611","targetHints":{"allow":["GET"]}}],"collection":[{"href":"https:\/\/www.caballerosdeyuste.es\/web\/wp-json\/wp\/v2\/pages"}],"about":[{"href":"https:\/\/www.caballerosdeyuste.es\/web\/wp-json\/wp\/v2\/types\/page"}],"author":[{"embeddable":true,"href":"https:\/\/www.caballerosdeyuste.es\/web\/wp-json\/wp\/v2\/users\/1"}],"replies":[{"embeddable":true,"href":"https:\/\/www.caballerosdeyuste.es\/web\/wp-json\/wp\/v2\/comments?post=245611"}],"version-history":[{"count":7,"href":"https:\/\/www.caballerosdeyuste.es\/web\/wp-json\/wp\/v2\/pages\/245611\/revisions"}],"predecessor-version":[{"id":247453,"href":"https:\/\/www.caballerosdeyuste.es\/web\/wp-json\/wp\/v2\/pages\/245611\/revisions\/247453"}],"wp:attachment":[{"href":"https:\/\/www.caballerosdeyuste.es\/web\/wp-json\/wp\/v2\/media?parent=245611"}],"curies":[{"name":"wp","href":"https:\/\/api.w.org\/{rel}","templated":true}]}}