{"id":245261,"date":"2025-08-07T10:39:43","date_gmt":"2025-08-07T08:39:43","guid":{"rendered":"http:\/\/www.caballerosdeyuste.es\/wordpress\/?page_id=245261"},"modified":"2025-10-15T09:32:39","modified_gmt":"2025-10-15T07:32:39","slug":"himno","status":"publish","type":"page","link":"https:\/\/www.caballerosdeyuste.es\/web\/himno\/","title":{"rendered":"Himno"},"content":{"rendered":"<p>[et_pb_section fb_built=&#8221;1&#8243; _builder_version=&#8221;4.27.4&#8243; _module_preset=&#8221;default&#8221; background_color=&#8221;gcid-9497e03e-5562-44f9-9c68-09639ac67986&#8243; custom_margin=&#8221;||||false|false&#8221; custom_padding=&#8221;0px|0px|0px||true|false&#8221; global_colors_info=&#8221;{%22gcid-9497e03e-5562-44f9-9c68-09639ac67986%22:%91%22background_color%22%93}&#8221;][et_pb_row _builder_version=&#8221;4.27.4&#8243; _module_preset=&#8221;default&#8221; width=&#8221;85%&#8221; max_width=&#8221;2560px&#8221; border_width_bottom=&#8221;1px&#8221; border_color_bottom=&#8221;gcid-c515c2e5-3fd0-4426-90da-e434a88a980d&#8221; global_colors_info=&#8221;{%22gcid-c515c2e5-3fd0-4426-90da-e434a88a980d%22:%91%22border_color_bottom%22%93}&#8221;][et_pb_column type=&#8221;4_4&#8243; _builder_version=&#8221;4.27.4&#8243; _module_preset=&#8221;default&#8221; custom_css_main_element=&#8221;min-width:100%;&#8221; global_colors_info=&#8221;{}&#8221;][lwp_divi_breadcrumbs home_text=&#8221;Inicio&#8221; font_icon=&#8221;&#x35;||divi||400&#8243; use_custom_home_link=&#8221;off&#8221; link_color=&#8221;gcid-28bbb8f9-a63e-499e-a488-16928c756183&#8243; separator_color=&#8221;gcid-28bbb8f9-a63e-499e-a488-16928c756183&#8243; current_text_color=&#8221;gcid-d1114666-ef16-4db4-a358-613511ea78ee&#8221; _builder_version=&#8221;4.27.4&#8243; _module_preset=&#8221;default&#8221; module_font=&#8221;&#8211;et_global_body_font|700|||||||&#8221; module_text_color=&#8221;gcid-c2933ceb-9641-4d37-bb1b-61eb067d45cb&#8221; custom_margin=&#8221;||-37px||false|false&#8221; custom_padding=&#8221;||0px||false|false&#8221; global_colors_info=&#8221;{%22gcid-c2933ceb-9641-4d37-bb1b-61eb067d45cb%22:%91%22module_text_color%22%93,%22gcid-28bbb8f9-a63e-499e-a488-16928c756183%22:%91%22link_color%22,%22separator_color%22%93,%22gcid-d1114666-ef16-4db4-a358-613511ea78ee%22:%91%22current_text_color%22%93}&#8221;][\/lwp_divi_breadcrumbs][et_pb_heading title=&#8221;Himno de la Real Asociaci\u00f3n de Caballeros y Damas del Monasterio de Yuste&#8221; _builder_version=&#8221;4.27.4&#8243; _module_preset=&#8221;default&#8221; title_font=&#8221;Ibarra Real Nova|||on|||||&#8221; title_text_align=&#8221;left&#8221; title_text_color=&#8221;gcid-d1114666-ef16-4db4-a358-613511ea78ee&#8221; title_font_size=&#8221;3em&#8221; background_enable_color=&#8221;off&#8221; custom_margin=&#8221;-20px||||false|false&#8221; custom_padding=&#8221;0px||||false|false&#8221; animation_style=&#8221;fade&#8221; title_font_size_tablet=&#8221;3em&#8221; title_font_size_phone=&#8221;2em&#8221; title_font_size_last_edited=&#8221;on|phone&#8221; global_colors_info=&#8221;{%22gcid-d1114666-ef16-4db4-a358-613511ea78ee%22:%91%22title_text_color%22%93}&#8221;][\/et_pb_heading][\/et_pb_column][\/et_pb_row][\/et_pb_section][et_pb_section fb_built=&#8221;1&#8243; _builder_version=&#8221;4.27.4&#8243; _module_preset=&#8221;default&#8221; background_enable_color=&#8221;off&#8221; custom_margin=&#8221;0px||0px||true|false&#8221; custom_padding=&#8221;0vw||0vw||true|false&#8221; global_colors_info=&#8221;{}&#8221;][et_pb_row column_structure=&#8221;1_4,3_4&#8243; _builder_version=&#8221;4.27.4&#8243; _module_preset=&#8221;default&#8221; max_width=&#8221;2560px&#8221; custom_padding=&#8221;2vw||2vw||true|false&#8221; global_colors_info=&#8221;{}&#8221;][et_pb_column type=&#8221;1_4&#8243; _builder_version=&#8221;4.27.4&#8243; _module_preset=&#8221;default&#8221; sticky_position=&#8221;top&#8221; sticky_offset_top=&#8221;30px&#8221; sticky_limit_bottom=&#8221;section&#8221; sticky_position_tablet=&#8221;none&#8221; sticky_position_phone=&#8221;none&#8221; sticky_position_last_edited=&#8221;on|desktop&#8221; global_colors_info=&#8221;{}&#8221;][et_pb_text _builder_version=&#8221;4.27.4&#8243; _module_preset=&#8221;default&#8221; text_font=&#8221;Ibarra Real Nova|700||on|||||&#8221; text_font_size=&#8221;1.5rem&#8221; text_orientation=&#8221;center&#8221; custom_margin=&#8221;||5px||false|false&#8221; custom_padding=&#8221;||0px||false|false&#8221; global_colors_info=&#8221;{}&#8221;]<\/p>\n<p>Autor\u00eda<\/p>\n<p>[\/et_pb_text][et_pb_text _builder_version=&#8221;4.27.4&#8243; _module_preset=&#8221;default&#8221; text_font=&#8221;|800|on||||||&#8221; text_font_size=&#8221;12px&#8221; header_2_font=&#8221;||||||||&#8221; header_2_text_color=&#8221;gcid-c2933ceb-9641-4d37-bb1b-61eb067d45cb&#8221; header_2_font_size=&#8221;15px&#8221; background_color=&#8221;gcid-904649ba-8489-45ef-bc4d-794bd4d0fcba&#8221; custom_padding=&#8221;15px|20px|15px|20px|true|true&#8221; border_radii=&#8221;on|10px|10px|10px|10px&#8221; border_width_all=&#8221;2px&#8221; border_color_all=&#8221;gcid-4b9eed5c-3d04-4887-bc15-8a2e9c2e3ea1&#8243; global_colors_info=&#8221;{%22gcid-904649ba-8489-45ef-bc4d-794bd4d0fcba%22:%91%22background_color%22%93,%22gcid-c2933ceb-9641-4d37-bb1b-61eb067d45cb%22:%91%22header_2_text_color%22%93,%22gcid-4b9eed5c-3d04-4887-bc15-8a2e9c2e3ea1%22:%91%22border_color_all%22%93}&#8221;]<\/p>\n<h2><i><span data-contrast=\"auto\">Monse\u00f1or <\/span><\/i><span data-contrast=\"auto\">Dr. Luis <\/span><i><span data-contrast=\"auto\">Mart\u00ednez Yern\u00f3ndez<\/span><\/i><span data-ccp-props=\"{&quot;335551550&quot;:2,&quot;335551620&quot;:2,&quot;335559685&quot;:207,&quot;335559738&quot;:77}\">\u00a0<\/span><\/h2>\n<p><i><span data-contrast=\"auto\">Caballero de <\/span><\/i><span data-contrast=\"auto\">Yuste<\/span><span data-ccp-props=\"{&quot;335551550&quot;:2,&quot;335551620&quot;:2,&quot;335559685&quot;:244,&quot;335559738&quot;:84}\">\u00a0<\/span><\/p>\n<p>[\/et_pb_text][et_pb_image src=&#8221;https:\/\/www.caballerosdeyuste.es\/web\/wp-content\/uploads\/2025\/09\/Partituras.jpg&#8221; title_text=&#8221;Partituras&#8221; url=&#8221;@ET-DC@eyJkeW5hbWljIjp0cnVlLCJjb250ZW50IjoicG9zdF9saW5rX3VybF9hdHRhY2htZW50Iiwic2V0dGluZ3MiOnsicG9zdF9pZCI6IjI0NTI3NCJ9fQ==@&#8221; url_new_window=&#8221;on&#8221; _builder_version=&#8221;4.27.4&#8243; _dynamic_attributes=&#8221;url&#8221; _module_preset=&#8221;default&#8221; background_color=&#8221;#e8e6e3&#8243; width=&#8221;70%&#8221; module_alignment=&#8221;center&#8221; hover_enabled=&#8221;0&#8243; border_radii=&#8221;on|10px|10px|10px|10px&#8221; border_width_all=&#8221;1px&#8221; border_color_all=&#8221;gcid-c515c2e5-3fd0-4426-90da-e434a88a980d&#8221; box_shadow_style=&#8221;preset3&#8243; box_shadow_blur=&#8221;8px&#8221; global_colors_info=&#8221;{%22gcid-c515c2e5-3fd0-4426-90da-e434a88a980d%22:%91%22border_color_all%22%93}&#8221; sticky_enabled=&#8221;0&#8243;][\/et_pb_image][et_pb_image src=&#8221;https:\/\/www.caballerosdeyuste.es\/web\/wp-content\/uploads\/2025\/09\/1.jpg&#8221; title_text=&#8221;1&#8243; url=&#8221;@ET-DC@eyJkeW5hbWljIjp0cnVlLCJjb250ZW50IjoicG9zdF9saW5rX3VybF9hdHRhY2htZW50Iiwic2V0dGluZ3MiOnsicG9zdF9pZCI6IjI0NTI3OCJ9fQ==@&#8221; url_new_window=&#8221;on&#8221; _builder_version=&#8221;4.27.4&#8243; _dynamic_attributes=&#8221;url&#8221; _module_preset=&#8221;default&#8221; background_color=&#8221;#FFFFFF&#8221; width=&#8221;70%&#8221; module_alignment=&#8221;center&#8221; hover_enabled=&#8221;0&#8243; border_radii=&#8221;on|10px|10px|10px|10px&#8221; border_width_all=&#8221;1px&#8221; border_color_all=&#8221;gcid-c515c2e5-3fd0-4426-90da-e434a88a980d&#8221; box_shadow_style=&#8221;preset3&#8243; box_shadow_blur=&#8221;8px&#8221; global_colors_info=&#8221;{%22gcid-c515c2e5-3fd0-4426-90da-e434a88a980d%22:%91%22border_color_all%22%93}&#8221; sticky_enabled=&#8221;0&#8243;][\/et_pb_image][\/et_pb_column][et_pb_column type=&#8221;3_4&#8243; _builder_version=&#8221;4.27.4&#8243; _module_preset=&#8221;default&#8221; global_colors_info=&#8221;{}&#8221;][et_pb_text _builder_version=&#8221;4.27.4&#8243; _module_preset=&#8221;default&#8221; text_line_height=&#8221;0.7em&#8221; text_orientation=&#8221;center&#8221; custom_margin=&#8221;||0px||false|false&#8221; custom_padding=&#8221;||0px||false|false&#8221; global_colors_info=&#8221;{}&#8221;]<span data-contrast=\"auto\"><span style=\"display: inline-block;\" class=\"SCXW58051160 BCX2\"><span data-contrast=\"auto\" style=\"font-size: 14.5pt; font-style: italic; line-height: 22px; font-family: Times New Roman, 'Times New Roman_EmbeddedFont', 'Times New Roman_MSFontService', serif;\" xml:lang=\"ES-ES\" lang=\"ES-ES\" class=\"TextRun EmptyTextRun SCXW58051160 BCX2\"><\/span><span class=\"WACImageContainer NoPadding BlobObject SCXW58051160 BCX2\" role=\"presentation\"><\/span><\/span><span data-contrast=\"auto\" style=\"font-size: 10pt; font-style: normal; line-height: 16px; font-family: Times New Roman, 'Times New Roman_EmbeddedFont', 'Times New Roman_MSFontService', serif;\" xml:lang=\"ES-ES\" lang=\"ES-ES\" class=\"TextRun EmptyTextRun SCXW58051160 BCX2\"><\/span>Desde <\/span><i><span data-contrast=\"auto\">Flandes a <\/span><\/i><span data-contrast=\"auto\">Castilla <\/span><i><span data-contrast=\"auto\">arrib\u00f3 el Emperador<\/span><\/i><span data-ccp-props=\"{&quot;201341983&quot;:1,&quot;335559685&quot;:1758,&quot;335559738&quot;:238,&quot;335559740&quot;:343}\">\u00a0<\/span><\/p>\n<p><i><span data-contrast=\"auto\">heredero de un imperio donde no <\/span><\/i><span data-contrast=\"auto\">se <\/span><i><span data-contrast=\"auto\">puso el <\/span><\/i><span data-contrast=\"auto\">sol.<\/span><span data-ccp-props=\"{&quot;201341983&quot;:1,&quot;335559685&quot;:1750,&quot;335559740&quot;:331}\">\u00a0<\/span><\/p>\n<p><i><span data-contrast=\"auto\"><\/span><\/i><\/p>\n<p><i><span data-contrast=\"auto\"><br \/>\n1\u00aa Carlos Quinto que en <\/span><\/i><span data-contrast=\"auto\">si <\/span><i><span data-contrast=\"auto\">un\u00eda al Sacro <\/span><\/i><\/p>\n<p><i><span data-contrast=\"auto\">Imperio Alem\u00e1n con Castilla, la gran <\/span><\/i><\/p>\n<p><i><span data-contrast=\"auto\">Madre de toda lo <\/span><\/i><span data-contrast=\"auto\">Hispanidad.<\/span><span data-ccp-props=\"{&quot;335559685&quot;:1748,&quot;335559731&quot;:4,&quot;335559737&quot;:1902,&quot;335559738&quot;:329}\">\u00a0<\/span><\/p>\n<p><span data-contrast=\"auto\"><\/span><\/p>\n<p><span data-contrast=\"auto\"><br \/>\n2\u00aa Am\u00f3 <\/span><i><span data-contrast=\"auto\">a <\/span><\/i><span data-contrast=\"auto\">esta <\/span><i><span data-contrast=\"auto\">tierra y su lengua, <\/span><\/i><span data-contrast=\"auto\">sus <\/span><\/p>\n<p><i><span data-contrast=\"auto\">gentes y su fervor religioso y espont\u00e1neo,<\/span><\/i><\/p>\n<p><i><span data-contrast=\"auto\"> f\u00e1cil para hablar con <\/span><\/i><span data-contrast=\"auto\">Dios.<\/span><span data-ccp-props=\"{&quot;201341983&quot;:0,&quot;335559685&quot;:1749,&quot;335559737&quot;:1902,&quot;335559740&quot;:230}\">\u00a0<\/span><\/p>\n<p><span data-ccp-props=\"{&quot;201341983&quot;:0,&quot;335559685&quot;:1749,&quot;335559737&quot;:1902,&quot;335559740&quot;:230}\"><\/span><\/p>\n<p><span data-contrast=\"auto\"><\/span><\/p>\n<p><span data-contrast=\"auto\">3\u00aa <\/span><i><span data-contrast=\"auto\">Don Carlos, nuestro Se\u00f1or, <\/span><\/i><span data-contrast=\"auto\">so\u00f1\u00f3 <\/span><i><span data-contrast=\"auto\">en<\/span><\/i><span data-ccp-props=\"{&quot;335559685&quot;:1735,&quot;335559738&quot;:342}\">\u00a0<\/span><span data-ccp-props=\"{&quot;335559685&quot;:1735,&quot;335559738&quot;:342}\"><\/span><\/p>\n<p><i><span data-contrast=\"auto\">un mundo <\/span><\/i><span data-contrast=\"auto\">cristiano <\/span><i><span data-contrast=\"auto\">bajo el designio de <\/span><\/i><span data-contrast=\"auto\">Dios,<\/span><span data-ccp-props=\"{&quot;335559685&quot;:1737,&quot;335559738&quot;:10}\">\u00a0<\/span><\/p>\n<p><i><span data-contrast=\"auto\">donde <\/span><\/i><span data-contrast=\"auto\">\u201cDerecho <\/span><i><span data-contrast=\"auto\">de Gentes fueran <\/span><\/i><\/p>\n<p><i><span data-contrast=\"auto\">justicia<\/span><\/i> <i><span data-contrast=\"auto\">amor.<\/span><\/i><span data-ccp-props=\"{&quot;201341983&quot;:0,&quot;335559685&quot;:1755,&quot;335559737&quot;:2968,&quot;335559738&quot;:3,&quot;335559740&quot;:242,&quot;335559991&quot;:12,&quot;469777462&quot;:[2860],&quot;469777927&quot;:[0],&quot;469777928&quot;:[1]}\">\u00a0<\/span><\/p>\n<p><span data-ccp-props=\"{&quot;335559738&quot;:4}\">\u00a0<\/span><\/p>\n<p><span data-contrast=\"auto\">4\u00aa <\/span><i><span data-contrast=\"auto\">Don <\/span><\/i><span data-contrast=\"auto\">Carlos, nuestro Se\u00f1or, desde <\/span><i><span data-contrast=\"auto\">el retiro<\/span><\/i><\/p>\n<p><i><span data-contrast=\"auto\"> de Yuste, donde <\/span><\/i><span data-contrast=\"auto\">su alma descans\u00f3, so\u00f1\u00f3 <\/span><i><span data-contrast=\"auto\">el<\/span><\/i><span data-ccp-props=\"{&quot;201341983&quot;:0,&quot;335559685&quot;:1750,&quot;335559737&quot;:1586,&quot;335559740&quot;:242,&quot;335559991&quot;:14}\">\u00a0<\/span><\/p>\n<p><i><span data-contrast=\"auto\">futuro de <\/span><\/i><span data-contrast=\"auto\">Europa <\/span><i><span data-contrast=\"auto\">que hoy Europa Realiz\u00f3.<\/span><\/i><span data-ccp-props=\"{&quot;201341983&quot;:1,&quot;335559685&quot;:1748,&quot;335559740&quot;:329}\">\u00a0<\/span><\/p>\n<p><span data-ccp-props=\"{&quot;335559738&quot;:3}\">\u00a0<\/span><\/p>\n<p><i><span data-contrast=\"auto\">5\u00aa Caballeros de su idea, en Yuste, donde \u00e9l<\/span><\/i><\/p>\n<p><i><span data-contrast=\"auto\"> <\/span><\/i><i><span data-contrast=\"auto\">muri\u00f3, Juramos <\/span><\/i><span data-contrast=\"auto\">sus <\/span><i><span data-contrast=\"auto\">ideales bajo la ayuda de <\/span><\/i><\/p>\n<p><span data-contrast=\"auto\">Dios <\/span><i><span data-contrast=\"auto\">heredero de un imperio donde no se puso<\/span><\/i><\/p>\n<p><i><span data-contrast=\"auto\"> <\/span><\/i><span data-contrast=\"auto\">el sol.<\/span><span data-ccp-props=\"{&quot;201341983&quot;:0,&quot;335559685&quot;:1730,&quot;335559737&quot;:1586,&quot;335559740&quot;:242}\">\u00a0<\/span><\/p>\n<p><span data-ccp-props=\"{&quot;335551550&quot;:2,&quot;335551620&quot;:2,&quot;335559685&quot;:293,&quot;335559738&quot;:110}\">\u00a0<\/span>[\/et_pb_text][et_pb_divider color=&#8221;gcid-75f8feef-8e89-48de-a593-3e169dc48f01&#8243; divider_position=&#8221;center&#8221; _builder_version=&#8221;4.27.4&#8243; _module_preset=&#8221;default&#8221; width=&#8221;20%&#8221; module_alignment=&#8221;center&#8221; custom_margin=&#8221;||0px||false|false&#8221; custom_padding=&#8221;||0px||false|false&#8221; global_colors_info=&#8221;{%22gcid-75f8feef-8e89-48de-a593-3e169dc48f01%22:%91%22color%22%93}&#8221;][\/et_pb_divider][et_pb_image src=&#8221;https:\/\/www.caballerosdeyuste.es\/web\/wp-content\/uploads\/2025\/08\/Himno-Real-Asociacion-de-Caballeros-y-Damas-del-Monasterio-de-Yuste.-Musica.jpg&#8221; title_text=&#8221;Himno Real Asociaci\u00f3n de Caballeros y Damas del Monasterio de Yuste. M\u00fasica&#8221; show_in_lightbox=&#8221;on&#8221; _builder_version=&#8221;4.27.4&#8243; _module_preset=&#8221;default&#8221; custom_margin_tablet=&#8221;&#8221; custom_margin_phone=&#8221;||80px||false|false&#8221; custom_margin_last_edited=&#8221;on|phone&#8221; global_colors_info=&#8221;{}&#8221;][\/et_pb_image][et_pb_blurb title=&#8221;PDF&#8221; use_icon=&#8221;on&#8221; font_icon=&#8221;&#xe103;||divi||400&#8243; icon_color=&#8221;gcid-c2933ceb-9641-4d37-bb1b-61eb067d45cb&#8221; image_icon_background_color=&#8221;RGBA(255,255,255,0)&#8221; icon_placement=&#8221;left&#8221; _builder_version=&#8221;4.27.4&#8243; _dynamic_attributes=&#8221;link_option_url&#8221; _module_preset=&#8221;default&#8221; header_text_color=&#8221;gcid-c2933ceb-9641-4d37-bb1b-61eb067d45cb&#8221; header_line_height=&#8221;1.8em&#8221; positioning=&#8221;absolute&#8221; position_origin_a=&#8221;top_right&#8221; vertical_offset_tablet=&#8221;&#8221; vertical_offset_phone=&#8221;&#8221; vertical_offset_last_edited=&#8221;on|phone&#8221; position_origin_a_tablet=&#8221;top_right&#8221; position_origin_a_phone=&#8221;bottom_right&#8221; position_origin_a_last_edited=&#8221;on|phone&#8221; position_origin_f_tablet=&#8221;&#8221; position_origin_f_phone=&#8221;&#8221; position_origin_f_last_edited=&#8221;on|phone&#8221; position_origin_r_tablet=&#8221;&#8221; position_origin_r_phone=&#8221;&#8221; position_origin_r_last_edited=&#8221;on|phone&#8221; width=&#8221;100%&#8221; custom_margin_tablet=&#8221;&#8221; custom_margin_phone=&#8221;||||false|false&#8221; custom_margin_last_edited=&#8221;on|phone&#8221; custom_padding_tablet=&#8221;&#8221; custom_padding_phone=&#8221;||||false|false&#8221; custom_padding_last_edited=&#8221;on|phone&#8221; link_option_url=&#8221;@ET-DC@eyJkeW5hbWljIjp0cnVlLCJjb250ZW50IjoicG9zdF9saW5rX3VybF9hdHRhY2htZW50Iiwic2V0dGluZ3MiOnsicG9zdF9pZCI6IjI0NTE1OSJ9fQ==@&#8221; link_option_url_new_window=&#8221;on&#8221; positioning_tablet=&#8221;absolute&#8221; positioning_phone=&#8221;absolute&#8221; positioning_last_edited=&#8221;on|phone&#8221; global_colors_info=&#8221;{%22gcid-c2933ceb-9641-4d37-bb1b-61eb067d45cb%22:%91%22icon_color%22,%22header_text_color%22%93}&#8221;][\/et_pb_blurb][\/et_pb_column][\/et_pb_row][\/et_pb_section]<\/p>\n","protected":false},"excerpt":{"rendered":"<p><div class=\"et_pb_module lwp_divi_breadcrumbs lwp_divi_breadcrumbs_0\">\n\t\t\t\t\n\t\t\t\t\n\t\t\t\t\n\t\t\t\t\n\t\t\t\t\n\t\t\t\t\n\t\t\t\t<div class=\"et_pb_module_inner\">\n\t\t\t\t\t<div class=\"lwp-breadcrumbs\"> <span class=\"before\"><\/span> <span vocab=\"https:\/\/schema.org\/\" typeof=\"BreadcrumbList\"><span property=\"itemListElement\" typeof=\"ListItem\"><a property=\"item\" typeof=\"WebPage\" href=\"https:\/\/www.caballerosdeyuste.es\/web\/\" class=\"home\"><span property=\"name\">Inicio<\/span><\/a><meta property=\"position\" content=\"1\"><\/span> <span class=\"separator et-pb-icon\">&#x35;<\/span> <\/span><\/div>\n\t\t\t\t<\/div>\n\t\t\t<\/div>Autor\u00edaMonse\u00f1or Dr. Luis Mart\u00ednez Yern\u00f3ndez\u00a0 Caballero de Yuste\u00a0Desde Flandes a Castilla arrib\u00f3 el Emperador\u00a0 heredero de un [&hellip;]<\/p>\n","protected":false},"author":1,"featured_media":0,"parent":0,"menu_order":0,"comment_status":"closed","ping_status":"closed","template":"","meta":{"_acf_changed":false,"_et_pb_use_builder":"on","_et_pb_old_content":"","_et_gb_content_width":"","_price":"","_stock":"","_tribe_ticket_header":"","_tribe_default_ticket_provider":"","_tribe_ticket_capacity":"0","_ticket_start_date":"","_ticket_end_date":"","_tribe_ticket_show_description":"","_tribe_ticket_show_not_going":false,"_tribe_ticket_use_global_stock":"","_tribe_ticket_global_stock_level":"","_global_stock_mode":"","_global_stock_cap":"","_tribe_rsvp_for_event":"","_tribe_ticket_going_count":"","_tribe_ticket_not_going_count":"","_tribe_tickets_list":"[]","_tribe_ticket_has_attendee_info_fields":false,"footnotes":"","_tec_slr_enabled":"","_tec_slr_layout":""},"class_list":["post-245261","page","type-page","status-publish","hentry"],"acf":[],"yoast_head":"<!-- This site is optimized with the Yoast SEO plugin v27.5 - https:\/\/yoast.com\/product\/yoast-seo-wordpress\/ -->\n<title>Himno - Caballeros de Yuste<\/title>\n<meta name=\"robots\" content=\"index, follow, max-snippet:-1, max-image-preview:large, max-video-preview:-1\" \/>\n<link rel=\"canonical\" href=\"https:\/\/www.caballerosdeyuste.es\/web\/himno\/\" \/>\n<meta property=\"og:locale\" content=\"es_ES\" \/>\n<meta property=\"og:type\" content=\"article\" \/>\n<meta property=\"og:title\" content=\"Himno - Caballeros de Yuste\" \/>\n<meta property=\"og:description\" content=\"Autor\u00edaMonse\u00f1or Dr. Luis Mart\u00ednez Yern\u00f3ndez\u00a0 Caballero de Yuste\u00a0Desde Flandes a Castilla arrib\u00f3 el Emperador\u00a0 heredero de un [&hellip;]\" \/>\n<meta property=\"og:url\" content=\"https:\/\/www.caballerosdeyuste.es\/web\/himno\/\" \/>\n<meta property=\"og:site_name\" content=\"Caballeros de Yuste\" \/>\n<meta property=\"article:modified_time\" content=\"2025-10-15T07:32:39+00:00\" \/>\n<meta name=\"twitter:card\" content=\"summary_large_image\" \/>\n<meta name=\"twitter:label1\" content=\"Tiempo de lectura\" \/>\n\t<meta name=\"twitter:data1\" content=\"7 minutos\" \/>\n<script type=\"application\/ld+json\" class=\"yoast-schema-graph\">{\"@context\":\"https:\\\/\\\/schema.org\",\"@graph\":[{\"@type\":\"WebPage\",\"@id\":\"https:\\\/\\\/www.caballerosdeyuste.es\\\/web\\\/himno\\\/\",\"url\":\"https:\\\/\\\/www.caballerosdeyuste.es\\\/web\\\/himno\\\/\",\"name\":\"Himno - Caballeros de Yuste\",\"isPartOf\":{\"@id\":\"https:\\\/\\\/www.caballerosdeyuste.es\\\/web\\\/#website\"},\"datePublished\":\"2025-08-07T08:39:43+00:00\",\"dateModified\":\"2025-10-15T07:32:39+00:00\",\"breadcrumb\":{\"@id\":\"https:\\\/\\\/www.caballerosdeyuste.es\\\/web\\\/himno\\\/#breadcrumb\"},\"inLanguage\":\"es\",\"potentialAction\":[{\"@type\":\"ReadAction\",\"target\":[\"https:\\\/\\\/www.caballerosdeyuste.es\\\/web\\\/himno\\\/\"]}]},{\"@type\":\"BreadcrumbList\",\"@id\":\"https:\\\/\\\/www.caballerosdeyuste.es\\\/web\\\/himno\\\/#breadcrumb\",\"itemListElement\":[{\"@type\":\"ListItem\",\"position\":1,\"name\":\"Portada\",\"item\":\"https:\\\/\\\/www.caballerosdeyuste.es\\\/web\\\/\"},{\"@type\":\"ListItem\",\"position\":2,\"name\":\"Himno\"}]},{\"@type\":\"WebSite\",\"@id\":\"https:\\\/\\\/www.caballerosdeyuste.es\\\/web\\\/#website\",\"url\":\"https:\\\/\\\/www.caballerosdeyuste.es\\\/web\\\/\",\"name\":\"Caballeros de Yuste\",\"description\":\"Real Asociaci\u00f3n de Caballeros y Damas del Monasterio de Yuste\",\"potentialAction\":[{\"@type\":\"SearchAction\",\"target\":{\"@type\":\"EntryPoint\",\"urlTemplate\":\"https:\\\/\\\/www.caballerosdeyuste.es\\\/web\\\/?s={search_term_string}\"},\"query-input\":{\"@type\":\"PropertyValueSpecification\",\"valueRequired\":true,\"valueName\":\"search_term_string\"}}],\"inLanguage\":\"es\"}]}<\/script>\n<!-- \/ Yoast SEO plugin. -->","yoast_head_json":{"title":"Himno - Caballeros de Yuste","robots":{"index":"index","follow":"follow","max-snippet":"max-snippet:-1","max-image-preview":"max-image-preview:large","max-video-preview":"max-video-preview:-1"},"canonical":"https:\/\/www.caballerosdeyuste.es\/web\/himno\/","og_locale":"es_ES","og_type":"article","og_title":"Himno - Caballeros de Yuste","og_description":"Autor\u00edaMonse\u00f1or Dr. Luis Mart\u00ednez Yern\u00f3ndez\u00a0 Caballero de Yuste\u00a0Desde Flandes a Castilla arrib\u00f3 el Emperador\u00a0 heredero de un [&hellip;]","og_url":"https:\/\/www.caballerosdeyuste.es\/web\/himno\/","og_site_name":"Caballeros de Yuste","article_modified_time":"2025-10-15T07:32:39+00:00","twitter_card":"summary_large_image","twitter_misc":{"Tiempo de lectura":"7 minutos"},"schema":{"@context":"https:\/\/schema.org","@graph":[{"@type":"WebPage","@id":"https:\/\/www.caballerosdeyuste.es\/web\/himno\/","url":"https:\/\/www.caballerosdeyuste.es\/web\/himno\/","name":"Himno - Caballeros de Yuste","isPartOf":{"@id":"https:\/\/www.caballerosdeyuste.es\/web\/#website"},"datePublished":"2025-08-07T08:39:43+00:00","dateModified":"2025-10-15T07:32:39+00:00","breadcrumb":{"@id":"https:\/\/www.caballerosdeyuste.es\/web\/himno\/#breadcrumb"},"inLanguage":"es","potentialAction":[{"@type":"ReadAction","target":["https:\/\/www.caballerosdeyuste.es\/web\/himno\/"]}]},{"@type":"BreadcrumbList","@id":"https:\/\/www.caballerosdeyuste.es\/web\/himno\/#breadcrumb","itemListElement":[{"@type":"ListItem","position":1,"name":"Portada","item":"https:\/\/www.caballerosdeyuste.es\/web\/"},{"@type":"ListItem","position":2,"name":"Himno"}]},{"@type":"WebSite","@id":"https:\/\/www.caballerosdeyuste.es\/web\/#website","url":"https:\/\/www.caballerosdeyuste.es\/web\/","name":"Caballeros de Yuste","description":"Real Asociaci\u00f3n de Caballeros y Damas del Monasterio de Yuste","potentialAction":[{"@type":"SearchAction","target":{"@type":"EntryPoint","urlTemplate":"https:\/\/www.caballerosdeyuste.es\/web\/?s={search_term_string}"},"query-input":{"@type":"PropertyValueSpecification","valueRequired":true,"valueName":"search_term_string"}}],"inLanguage":"es"}]}},"ticketed":false,"_links":{"self":[{"href":"https:\/\/www.caballerosdeyuste.es\/web\/wp-json\/wp\/v2\/pages\/245261","targetHints":{"allow":["GET"]}}],"collection":[{"href":"https:\/\/www.caballerosdeyuste.es\/web\/wp-json\/wp\/v2\/pages"}],"about":[{"href":"https:\/\/www.caballerosdeyuste.es\/web\/wp-json\/wp\/v2\/types\/page"}],"author":[{"embeddable":true,"href":"https:\/\/www.caballerosdeyuste.es\/web\/wp-json\/wp\/v2\/users\/1"}],"replies":[{"embeddable":true,"href":"https:\/\/www.caballerosdeyuste.es\/web\/wp-json\/wp\/v2\/comments?post=245261"}],"version-history":[{"count":23,"href":"https:\/\/www.caballerosdeyuste.es\/web\/wp-json\/wp\/v2\/pages\/245261\/revisions"}],"predecessor-version":[{"id":246427,"href":"https:\/\/www.caballerosdeyuste.es\/web\/wp-json\/wp\/v2\/pages\/245261\/revisions\/246427"}],"wp:attachment":[{"href":"https:\/\/www.caballerosdeyuste.es\/web\/wp-json\/wp\/v2\/media?parent=245261"}],"curies":[{"name":"wp","href":"https:\/\/api.w.org\/{rel}","templated":true}]}}