{"id":241612,"date":"2025-05-12T12:01:24","date_gmt":"2025-05-12T10:01:24","guid":{"rendered":"http:\/\/www.caballerosdeyuste.es\/wordpress\/?page_id=241612"},"modified":"2025-12-17T09:58:09","modified_gmt":"2025-12-17T08:58:09","slug":"historia","status":"publish","type":"page","link":"https:\/\/www.caballerosdeyuste.es\/web\/historia\/","title":{"rendered":"Historia"},"content":{"rendered":"<p>[et_pb_section fb_built=&#8221;1&#8243; _builder_version=&#8221;4.27.4&#8243; _module_preset=&#8221;default&#8221; background_color=&#8221;gcid-9497e03e-5562-44f9-9c68-09639ac67986&#8243; custom_margin=&#8221;||||false|false&#8221; custom_padding=&#8221;0px|0px|0px||true|false&#8221; global_colors_info=&#8221;{%22gcid-9497e03e-5562-44f9-9c68-09639ac67986%22:%91%22background_color%22%93}&#8221;][et_pb_row _builder_version=&#8221;4.27.4&#8243; _module_preset=&#8221;default&#8221; width=&#8221;85%&#8221; max_width=&#8221;2560px&#8221; border_width_bottom=&#8221;1px&#8221; border_color_bottom=&#8221;gcid-c515c2e5-3fd0-4426-90da-e434a88a980d&#8221; global_colors_info=&#8221;{%22gcid-c515c2e5-3fd0-4426-90da-e434a88a980d%22:%91%22border_color_bottom%22%93}&#8221;][et_pb_column type=&#8221;4_4&#8243; _builder_version=&#8221;4.27.4&#8243; _module_preset=&#8221;default&#8221; custom_css_main_element=&#8221;min-width:100%;&#8221; global_colors_info=&#8221;{}&#8221;][lwp_divi_breadcrumbs home_text=&#8221;Inicio&#8221; font_icon=&#8221;&#x35;||divi||400&#8243; use_custom_home_link=&#8221;off&#8221; link_color=&#8221;gcid-28bbb8f9-a63e-499e-a488-16928c756183&#8243; separator_color=&#8221;gcid-28bbb8f9-a63e-499e-a488-16928c756183&#8243; current_text_color=&#8221;gcid-d1114666-ef16-4db4-a358-613511ea78ee&#8221; _builder_version=&#8221;4.27.4&#8243; _module_preset=&#8221;default&#8221; module_font=&#8221;&#8211;et_global_body_font|700|||||||&#8221; module_text_color=&#8221;gcid-c2933ceb-9641-4d37-bb1b-61eb067d45cb&#8221; custom_margin=&#8221;||-37px||false|false&#8221; custom_padding=&#8221;||0px||false|false&#8221; global_colors_info=&#8221;{%22gcid-c2933ceb-9641-4d37-bb1b-61eb067d45cb%22:%91%22module_text_color%22%93,%22gcid-28bbb8f9-a63e-499e-a488-16928c756183%22:%91%22link_color%22,%22separator_color%22%93,%22gcid-d1114666-ef16-4db4-a358-613511ea78ee%22:%91%22current_text_color%22%93}&#8221;][\/lwp_divi_breadcrumbs][et_pb_heading title=&#8221;historia&#8221; _builder_version=&#8221;4.27.4&#8243; _module_preset=&#8221;default&#8221; title_font=&#8221;Ibarra Real Nova|||on|||||&#8221; title_text_align=&#8221;left&#8221; title_text_color=&#8221;gcid-d1114666-ef16-4db4-a358-613511ea78ee&#8221; title_font_size=&#8221;3em&#8221; background_enable_color=&#8221;off&#8221; custom_margin=&#8221;-20px||||false|false&#8221; custom_padding=&#8221;0px||||false|false&#8221; animation_style=&#8221;fade&#8221; global_colors_info=&#8221;{%22gcid-d1114666-ef16-4db4-a358-613511ea78ee%22:%91%22title_text_color%22%93}&#8221;][\/et_pb_heading][\/et_pb_column][\/et_pb_row][\/et_pb_section][et_pb_section fb_built=&#8221;1&#8243; _builder_version=&#8221;4.27.4&#8243; _module_preset=&#8221;default&#8221; global_colors_info=&#8221;{}&#8221;][et_pb_row column_structure=&#8221;3_5,2_5&#8243; _builder_version=&#8221;4.27.4&#8243; _module_preset=&#8221;default&#8221; max_width=&#8221;2560px&#8221; global_colors_info=&#8221;{}&#8221;][et_pb_column type=&#8221;3_5&#8243; _builder_version=&#8221;4.27.4&#8243; _module_preset=&#8221;default&#8221; global_colors_info=&#8221;{}&#8221;][et_pb_text quote_border_color=&#8221;gcid-5b291cc9-df1d-4b6e-9bdc-386dacc5279f&#8221; _builder_version=&#8221;4.27.4&#8243; _module_preset=&#8221;default&#8221; quote_text_color=&#8221;gcid-d1114666-ef16-4db4-a358-613511ea78ee&#8221; text_orientation=&#8221;justified&#8221; global_colors_info=&#8221;{%22gcid-d1114666-ef16-4db4-a358-613511ea78ee%22:%91%22quote_text_color%22%93,%22gcid-5b291cc9-df1d-4b6e-9bdc-386dacc5279f%22:%91%22quote_border_color%22%93}&#8221;]<\/p>\n<p>La <strong>Asociaci\u00f3n Caballeros del Monasterio de Yuste<\/strong>, fue fundada el a\u00f1o 1957, y consagrada a fomentar lo que es y representa el Monasterio de Yuste. Se pone bajo la advocaci\u00f3n de San Jer\u00f3nimo, Patrono de la Orden a la que perteneci\u00f3 el Monasterio.<\/p>\n<p>En la <strong>&#8220;Villa de Cuacos&#8221;<\/strong>, el d\u00eda cuatro de mayo de mil novecientos cincuenta y siete, en la Plaza de Espa\u00f1a N\u00ba 1, un grupo de extreme\u00f1os decide fundar la Asociaci\u00f3n, formando una<strong> Comisi\u00f3n Gestora<\/strong>, e inmediatamente despu\u00e9s celebran una <strong>Junta General<\/strong> con los veinti\u00fan primeros asociados.<\/p>\n<p>Previamente a la Constituci\u00f3n de la Asociaci\u00f3n Caballeros del Monasterio de Yuste, se celebr\u00f3 una <strong>Sesi\u00f3n del Pleno del Ayuntamiento de la Villa de Cuacos,<\/strong> que dio origen a la fundaci\u00f3n.<\/p>\n<p>En el Libro de Actas de Sesiones del Ayuntamiento de <strong>Cuacos (C\u00e1ceres)<\/strong>, y al folio 157 vto. y 158 vto. figura la celebraci\u00f3n del Pleno Municipal con car\u00e1cter extraordinario, el d\u00eda <strong>veintid\u00f3s de septiembre de mil novecientos cincuenta y seis<\/strong>, a la que concurrieron el <strong>Alcalde Presidente, D. Nicol\u00e1s Mateos Garc\u00eda y los Concejales D. D\u00e1maso Hornero P\u00e9rez, D. Tiburcio P\u00e9rez Mateos, D. Germ\u00e1n P\u00e9rez Hornero, D. Ezequiel P\u00e9rez Tranc\u00f3n, D. Jos\u00e9 L\u00f3pez P\u00e9rez, siendo Secretario D. Domiciano Corisco Gonz\u00e1lez.<\/strong><\/p>\n<p>Se celebr\u00f3 esta Sesi\u00f3n municipal con motivo del <strong>&#8220;Aniversario de la muerte del Emperador Carlos V&#8221;,<\/strong> en la que se dio cuenta al resto de los compa\u00f1eros del Concejo de los actos celebrados el d\u00eda anterior.<\/p>\n<p><strong>El Acta dice as\u00ed:<\/strong><\/p>\n<blockquote>\n<p>&#8220;&#8230;a instancia del Ilmo. Sr. D. Francisco Fern\u00e1ndez Serrano, can\u00f3nigo Archivero de los Santos Templos Metropolitanos de la Seo y el Pilar de Zaragoza, se congregaron distintas personalidades de la Comarca (sacerdotes y seglares), en n\u00famero de trece, todos ellos muy amantes de Yuste, para celebrar una comida de amistad y en ella tratar temas relacionados con el IV CENTENARIO DE LA MUERTE DEL EMPERADOR CARLOS V&#8221;.<\/p>\n<\/blockquote>\n<p>Ese d\u00eda se celebr\u00f3 en la<strong> Parroquia de la Villa de Cuacos<\/strong> una Misa de Requien en sufragio del alma del Emperador, por coincidir ese d\u00eda con el trescientos noventa y ocho aniversario de su muerte.<\/p>\n<p>Finalizaron los actos en el Monasterio de Yuste &#8220;con el vivo deseo de constituirse en asociaci\u00f3n, que se denominar\u00e1 <strong>&#8220;Caballeros del Monasterio de Yuste&#8221;. (de el Acta de Sesiones).<\/strong><\/p>\n<p>En ese momento hist\u00f3rico de la Constituci\u00f3n de la Asociaci\u00f3n se nombra a D. Nicol\u00e1s Mateos Garc\u00eda, Presidente, D. Domiciano Corisco Gonz\u00e1lez, vocal y a D. Porfirio Garc\u00eda Bautista, Secretario y dieciocho m\u00e1s que son los socios fundadores.<\/p>\n<p>Redactados los<strong> Estatutos<\/strong> que fueron aprobados por la Junta General y posteriormente por el Ministerio de la Gobernaci\u00f3n, seg\u00fan Oficio 2527 del Excmo. Sr. Gobernador Civil de C\u00e1ceres, <strong>Decreto de 25 de enero de 1941<\/strong>, regulador del ejercicio del derecho de asociaciones, se autoriza la constituci\u00f3n y funcionamiento de la Asociaci\u00f3n.<\/p>\n<p>El d\u00eda <strong>dieciocho de enero de mil novecientos noventa y seis<\/strong>, el entonces Presidente de la Asociaci\u00f3n, D. Manuel Mart\u00edn Lobo, solicit\u00f3 de S. M. El Rey D. Juan Carlos I, el t\u00edtulo de<strong> &#8220;Real&#8221;<\/strong> para la Instituci\u00f3n. El Secretario General de la Casa de S. M. El Rey, con fecha de <strong>diecinueve de febrero de mil novecientos noventa y seis<\/strong> contesta a la del Presidente, en los siguientes t\u00e9rminos:<\/p>\n<blockquote>\n<p>&#8220;&#8230;He despachado el tema con su Majestad el Rey y como quiera que ha tenido a bien conceder el citado t\u00edtulo, tengo mucho gusto en adjuntarle la correspondiente Credencial&#8221;.<\/p>\n<\/blockquote>\n<p>Los Estatutos que actualmente rigen nuestra Real Asociaci\u00f3n fueron aprobados en Asamblea General Extraordinaria celebrada el d\u00eda 01 de octubre de 2022 e inscritos en el Ministerio del Interior el d\u00eda 04 de mayo de 2023.<\/p>\n<p>&nbsp;<\/p>\n<p>[\/et_pb_text][\/et_pb_column][et_pb_column type=&#8221;2_5&#8243; _builder_version=&#8221;4.27.4&#8243; _module_preset=&#8221;default&#8221; sticky_limit_bottom=&#8221;section&#8221; global_colors_info=&#8221;{}&#8221;][et_pb_image src=&#8221;https:\/\/www.caballerosdeyuste.es\/web\/wp-content\/uploads\/2025\/05\/carlos-v-en-yuste.png&#8221; title_text=&#8221;carlos v en yuste&#8221; _builder_version=&#8221;4.27.4&#8243; _module_preset=&#8221;default&#8221; sticky_limit_bottom=&#8221;section&#8221; global_colors_info=&#8221;{}&#8221;][\/et_pb_image][et_pb_text _builder_version=&#8221;4.27.4&#8243; _module_preset=&#8221;default&#8221; text_font=&#8221;&#8211;et_global_body_font||||||||&#8221; text_orientation=&#8221;justified&#8221; custom_margin=&#8221;0px||||false|false&#8221; custom_css_free_form=&#8221;selector ul {||  padding-left:20px||}&#8221; global_colors_info=&#8221;{}&#8221;]<\/p>\n<p style=\"text-align: justify;\"><strong>\u00bfQu\u00e9 es ser Caballero o Dama del Monasterio de Yuste?<\/strong><\/p>\n<p style=\"text-align: justify;\">La respuesta es sencilla: Ser Caballero o Dama de la Real Asociaci\u00f3n ha de ser considerado un alto honor.<\/p>\n<p><strong>\u00bfCu\u00e1les son sus derechos?<\/strong><strong><\/strong><\/p>\n<ul>\n<li>Tomar parte activa en los beneficios y ventajas que reporte la Real Asociaci\u00f3n.<\/li>\n<li>Asistencia con voz y voto a las Asambleas Generales.<\/li>\n<li>Poder ser elegido para los cargos de Gobierno.<\/li>\n<li>Usar los distintivos de la Asociaci\u00f3n.<\/li>\n<\/ul>\n<p style=\"padding-left: 40px; text-align: justify;\"><strong><\/strong><\/p>\n<p><strong>y \u00bfCu\u00e1les sus deberes?<\/strong><\/p>\n<ul>\n<li>Asistir a los actos oficiales que organice la Entidad.<\/li>\n<li>Cumplir y hacer cumplir los fines de la Asociaci\u00f3n.<\/li>\n<li>Prestar a la Asociaci\u00f3n la actividad personal que la misma requiera. Colaborando generosamente en su prosperidad.<\/li>\n<li>No llevar a cabo actos que contradigan los fines de la Asociaci\u00f3n.<\/li>\n<li>Estar al corriente en el pago de las cuotas establecidas.<\/li>\n<li>No actuar en nombre de la Real Asociaci\u00f3n, ni usar su nombre para actividades ajenas a los fines de la misma, sin estar previa y debidamente autorizado para ello.<\/li>\n<li>Asistir a una, al menos, de las dos Asambleas Generales anuales, con ocasi\u00f3n de las cuales ser\u00e1n investidos solemnemente nuevos Caballeros y Damas de Yuste.<\/li>\n<\/ul>\n<p><strong><\/strong><\/p>\n<p><strong>\u00bfC\u00f3mo formar parte de la Asociaci\u00f3n?<\/strong><\/p>\n<p>[\/et_pb_text][et_pb_button button_url=&#8221;https:\/\/www.caballerosdeyuste.es\/web\/ingreso\/&#8221; button_text=&#8221;Ingreso&#8221; _builder_version=&#8221;4.27.4&#8243; _module_preset=&#8221;default&#8221; custom_button=&#8221;on&#8221; button_text_color=&#8221;#FFFFFF&#8221; button_bg_color=&#8221;#444444&#8243; button_border_width=&#8221;0px&#8221; button_border_radius=&#8221;5px&#8221; button_font=&#8221;&#8211;et_global_heading_font||||||||&#8221; custom_margin=&#8221;|||10px|false|false&#8221; custom_padding=&#8221;||||false|false&#8221; hover_enabled=&#8221;0&#8243; global_colors_info=&#8221;{}&#8221; button_use_icon=&#8221;off&#8221; sticky_enabled=&#8221;0&#8243;][\/et_pb_button][\/et_pb_column][\/et_pb_row][\/et_pb_section]<\/p>\n","protected":false},"excerpt":{"rendered":"<p><div class=\"et_pb_module lwp_divi_breadcrumbs lwp_divi_breadcrumbs_0\">\n\t\t\t\t\n\t\t\t\t\n\t\t\t\t\n\t\t\t\t\n\t\t\t\t\n\t\t\t\t\n\t\t\t\t<div class=\"et_pb_module_inner\">\n\t\t\t\t\t<div class=\"lwp-breadcrumbs\"> <span class=\"before\"><\/span> <span vocab=\"https:\/\/schema.org\/\" typeof=\"BreadcrumbList\"><span property=\"itemListElement\" typeof=\"ListItem\"><a property=\"item\" typeof=\"WebPage\" href=\"https:\/\/www.caballerosdeyuste.es\/web\/\" class=\"home\"><span property=\"name\">Inicio<\/span><\/a><meta property=\"position\" content=\"1\"><\/span> <span class=\"separator et-pb-icon\">&#x35;<\/span> <\/span><\/div>\n\t\t\t\t<\/div>\n\t\t\t<\/div>La Asociaci\u00f3n Caballeros del Monasterio de Yuste, fue fundada el a\u00f1o 1957, y consagrada a fomentar lo [&hellip;]<\/p>\n","protected":false},"author":1,"featured_media":0,"parent":0,"menu_order":0,"comment_status":"closed","ping_status":"closed","template":"","meta":{"_acf_changed":false,"_et_pb_use_builder":"on","_et_pb_old_content":"<!-- wp:divi\/placeholder \/-->","_et_gb_content_width":"","_price":"","_stock":"","_tribe_ticket_header":"","_tribe_default_ticket_provider":"","_tribe_ticket_capacity":"0","_ticket_start_date":"","_ticket_end_date":"","_tribe_ticket_show_description":"","_tribe_ticket_show_not_going":false,"_tribe_ticket_use_global_stock":"","_tribe_ticket_global_stock_level":"","_global_stock_mode":"","_global_stock_cap":"","_tribe_rsvp_for_event":"","_tribe_ticket_going_count":"","_tribe_ticket_not_going_count":"","_tribe_tickets_list":"[]","_tribe_ticket_has_attendee_info_fields":false,"footnotes":"","_tec_slr_enabled":"","_tec_slr_layout":""},"class_list":["post-241612","page","type-page","status-publish","hentry"],"acf":[],"yoast_head":"<!-- This site is optimized with the Yoast SEO plugin v27.5 - https:\/\/yoast.com\/product\/yoast-seo-wordpress\/ -->\n<title>Historia - Caballeros de Yuste<\/title>\n<meta name=\"robots\" content=\"index, follow, max-snippet:-1, max-image-preview:large, max-video-preview:-1\" \/>\n<link rel=\"canonical\" href=\"http:\/\/www.caballerosdeyuste.es\/web\/historia\/\" \/>\n<meta property=\"og:locale\" content=\"es_ES\" \/>\n<meta property=\"og:type\" content=\"article\" \/>\n<meta property=\"og:title\" content=\"Historia - Caballeros de Yuste\" \/>\n<meta property=\"og:description\" content=\"La Asociaci\u00f3n Caballeros del Monasterio de Yuste, fue fundada el a\u00f1o 1957, y consagrada a fomentar lo [&hellip;]\" \/>\n<meta property=\"og:url\" content=\"http:\/\/www.caballerosdeyuste.es\/web\/historia\/\" \/>\n<meta property=\"og:site_name\" content=\"Caballeros de Yuste\" \/>\n<meta property=\"article:modified_time\" content=\"2025-12-17T08:58:09+00:00\" \/>\n<meta name=\"twitter:card\" content=\"summary_large_image\" \/>\n<meta name=\"twitter:label1\" content=\"Tiempo de lectura\" \/>\n\t<meta name=\"twitter:data1\" content=\"7 minutos\" \/>\n<script type=\"application\/ld+json\" class=\"yoast-schema-graph\">{\"@context\":\"https:\\\/\\\/schema.org\",\"@graph\":[{\"@type\":\"WebPage\",\"@id\":\"http:\\\/\\\/www.caballerosdeyuste.es\\\/web\\\/historia\\\/\",\"url\":\"http:\\\/\\\/www.caballerosdeyuste.es\\\/web\\\/historia\\\/\",\"name\":\"Historia - Caballeros de Yuste\",\"isPartOf\":{\"@id\":\"https:\\\/\\\/www.caballerosdeyuste.es\\\/web\\\/?lang=it\\\/#website\"},\"datePublished\":\"2025-05-12T10:01:24+00:00\",\"dateModified\":\"2025-12-17T08:58:09+00:00\",\"breadcrumb\":{\"@id\":\"http:\\\/\\\/www.caballerosdeyuste.es\\\/web\\\/historia\\\/#breadcrumb\"},\"inLanguage\":\"es\",\"potentialAction\":[{\"@type\":\"ReadAction\",\"target\":[\"http:\\\/\\\/www.caballerosdeyuste.es\\\/web\\\/historia\\\/\"]}]},{\"@type\":\"BreadcrumbList\",\"@id\":\"http:\\\/\\\/www.caballerosdeyuste.es\\\/web\\\/historia\\\/#breadcrumb\",\"itemListElement\":[{\"@type\":\"ListItem\",\"position\":1,\"name\":\"Portada\",\"item\":\"https:\\\/\\\/www.caballerosdeyuste.es\\\/web\\\/\"},{\"@type\":\"ListItem\",\"position\":2,\"name\":\"Historia\"}]},{\"@type\":\"WebSite\",\"@id\":\"https:\\\/\\\/www.caballerosdeyuste.es\\\/web\\\/?lang=it\\\/#website\",\"url\":\"https:\\\/\\\/www.caballerosdeyuste.es\\\/web\\\/?lang=it\\\/\",\"name\":\"Caballeros de Yuste\",\"description\":\"Real Asociaci\u00f3n de Caballeros y Damas del Monasterio de Yuste\",\"potentialAction\":[{\"@type\":\"SearchAction\",\"target\":{\"@type\":\"EntryPoint\",\"urlTemplate\":\"https:\\\/\\\/www.caballerosdeyuste.es\\\/web\\\/?lang=it\\\/?s={search_term_string}\"},\"query-input\":{\"@type\":\"PropertyValueSpecification\",\"valueRequired\":true,\"valueName\":\"search_term_string\"}}],\"inLanguage\":\"es\"}]}<\/script>\n<!-- \/ Yoast SEO plugin. -->","yoast_head_json":{"title":"Historia - Caballeros de Yuste","robots":{"index":"index","follow":"follow","max-snippet":"max-snippet:-1","max-image-preview":"max-image-preview:large","max-video-preview":"max-video-preview:-1"},"canonical":"http:\/\/www.caballerosdeyuste.es\/web\/historia\/","og_locale":"es_ES","og_type":"article","og_title":"Historia - Caballeros de Yuste","og_description":"La Asociaci\u00f3n Caballeros del Monasterio de Yuste, fue fundada el a\u00f1o 1957, y consagrada a fomentar lo [&hellip;]","og_url":"http:\/\/www.caballerosdeyuste.es\/web\/historia\/","og_site_name":"Caballeros de Yuste","article_modified_time":"2025-12-17T08:58:09+00:00","twitter_card":"summary_large_image","twitter_misc":{"Tiempo de lectura":"7 minutos"},"schema":{"@context":"https:\/\/schema.org","@graph":[{"@type":"WebPage","@id":"http:\/\/www.caballerosdeyuste.es\/web\/historia\/","url":"http:\/\/www.caballerosdeyuste.es\/web\/historia\/","name":"Historia - Caballeros de Yuste","isPartOf":{"@id":"https:\/\/www.caballerosdeyuste.es\/web\/?lang=it\/#website"},"datePublished":"2025-05-12T10:01:24+00:00","dateModified":"2025-12-17T08:58:09+00:00","breadcrumb":{"@id":"http:\/\/www.caballerosdeyuste.es\/web\/historia\/#breadcrumb"},"inLanguage":"es","potentialAction":[{"@type":"ReadAction","target":["http:\/\/www.caballerosdeyuste.es\/web\/historia\/"]}]},{"@type":"BreadcrumbList","@id":"http:\/\/www.caballerosdeyuste.es\/web\/historia\/#breadcrumb","itemListElement":[{"@type":"ListItem","position":1,"name":"Portada","item":"https:\/\/www.caballerosdeyuste.es\/web\/"},{"@type":"ListItem","position":2,"name":"Historia"}]},{"@type":"WebSite","@id":"https:\/\/www.caballerosdeyuste.es\/web\/?lang=it\/#website","url":"https:\/\/www.caballerosdeyuste.es\/web\/?lang=it\/","name":"Caballeros de Yuste","description":"Real Asociaci\u00f3n de Caballeros y Damas del Monasterio de Yuste","potentialAction":[{"@type":"SearchAction","target":{"@type":"EntryPoint","urlTemplate":"https:\/\/www.caballerosdeyuste.es\/web\/?lang=it\/?s={search_term_string}"},"query-input":{"@type":"PropertyValueSpecification","valueRequired":true,"valueName":"search_term_string"}}],"inLanguage":"es"}]}},"ticketed":false,"_links":{"self":[{"href":"https:\/\/www.caballerosdeyuste.es\/web\/wp-json\/wp\/v2\/pages\/241612","targetHints":{"allow":["GET"]}}],"collection":[{"href":"https:\/\/www.caballerosdeyuste.es\/web\/wp-json\/wp\/v2\/pages"}],"about":[{"href":"https:\/\/www.caballerosdeyuste.es\/web\/wp-json\/wp\/v2\/types\/page"}],"author":[{"embeddable":true,"href":"https:\/\/www.caballerosdeyuste.es\/web\/wp-json\/wp\/v2\/users\/1"}],"replies":[{"embeddable":true,"href":"https:\/\/www.caballerosdeyuste.es\/web\/wp-json\/wp\/v2\/comments?post=241612"}],"version-history":[{"count":14,"href":"https:\/\/www.caballerosdeyuste.es\/web\/wp-json\/wp\/v2\/pages\/241612\/revisions"}],"predecessor-version":[{"id":247452,"href":"https:\/\/www.caballerosdeyuste.es\/web\/wp-json\/wp\/v2\/pages\/241612\/revisions\/247452"}],"wp:attachment":[{"href":"https:\/\/www.caballerosdeyuste.es\/web\/wp-json\/wp\/v2\/media?parent=241612"}],"curies":[{"name":"wp","href":"https:\/\/api.w.org\/{rel}","templated":true}]}}